{"id":1148,"date":"2020-01-23T15:08:05","date_gmt":"2020-01-23T19:08:05","guid":{"rendered":"https:\/\/ansalud.com\/ve\/?page_id=1148"},"modified":"2020-01-23T15:09:02","modified_gmt":"2020-01-23T19:09:02","slug":"equipo-psicologico","status":"publish","type":"page","link":"https:\/\/ansalud.com\/ve\/nosotros\/equipo-psicologico\/","title":{"rendered":"Equipo Psicol\u00f3gico"},"content":{"rendered":"<h3><strong style=\"font-style: inherit; font-weight: inherit;\"><u style=\"font-style: inherit; font-weight: inherit;\"><span style=\"font-style: inherit; font-weight: inherit;\">Funciones de un Psic\u00f3logo <\/span><\/u><\/strong><\/h3>\n<p><span style=\"font-style: inherit; font-weight: inherit;\">En ANSALUD ofrecemos los servicios de atenci\u00f3n psicol\u00f3gica con profesionales especializados en el \u00e1rea de salud mental referente a las intervenciones en crisis, psicoterapia individual, familiar y grupal, elaboraci\u00f3n de informes psicol\u00f3gicos, psicoeducaci\u00f3n, evaluaci\u00f3n diagn\u00f3stica y tratamientos de problemas psicol\u00f3gicos y psiqui\u00e1tricos.<\/span><\/p>\n<p><span style=\"font-style: inherit; font-weight: inherit;\">El psic\u00f3logo tiene la tarea de brindar atenci\u00f3n psicol\u00f3gica a los pacientes y familiares y de promover el bienestar de las personas dando un apoyo emocional, un espacio de escucha y confidencialidad. Tambi\u00e9n tiene la tarea de proveer un tratamiento efectivo e individualizado con apoyo cient\u00edfico confiable y basado en evidencia, es decir tiene que utilizar y aplicar diferentes formas y t\u00e9cnicas de intervenci\u00f3n psicol\u00f3gica a nivel individual, familiar, grupal e institucional.<\/span><\/p>\n<p><span style=\"font-style: inherit; font-weight: inherit;\">La funcionalidad del psic\u00f3logo lo coloca en disponibilidad para las personas que quieren trabajar en consulta externa y para los pacientes que buscan o necesitan un tratamiento de corta, mediana o larga instancia. De una misma manera, al egreso, el psic\u00f3logo har\u00e1 un seguimiento ambulatorio con los pacientes que han sido atendidos dentro de la unidad de rehabilitaci\u00f3n, as\u00ed manteniendo con regularidad las consultas donde se continuar\u00e1 el tratamiento ya iniciado previamente.<\/span><\/p>\n<p><span style=\"font-style: inherit; font-weight: inherit;\">Otra de las funciones del psic\u00f3logo es el trabajo cl\u00ednico grupal, done act\u00faa como coordinador del grupo terap\u00e9utico y permite trabajar los temas que faciliten a las personas funcionar mejor consigo mismo y con los otros. Continuamente el psic\u00f3logo cuenta con su participaci\u00f3n, colaboraci\u00f3n y supervisi\u00f3n en las distintas terapias complementarias que se realicen dentro de la unidad. <\/span><\/p>\n<p><span style=\"font-style: inherit; font-weight: inherit;\">El psic\u00f3logo trabajar\u00e1 con las tareas de apoyo en actividades cl\u00ednicas, formativas, de investigaci\u00f3n y coordinaci\u00f3n a los equipos de atenci\u00f3n primaria y en los programas de prevenci\u00f3n y promoci\u00f3n. Tambi\u00e9n realizar\u00e1 actividades de educaci\u00f3n en salud mental, y participar\u00e1 en programas preventivos.<\/span><\/p>\n","protected":false},"excerpt":{"rendered":"<p>Funciones de un Psic\u00f3logo En ANSALUD ofrecemos los servicios de atenci\u00f3n psicol\u00f3gica con profesionales especializados en el \u00e1rea de salud mental referente a las intervenciones en crisis, psicoterapia individual, familiar y grupal, elaboraci\u00f3n de informes psicol\u00f3gicos, psicoeducaci\u00f3n, evaluaci\u00f3n diagn\u00f3stica y tratamientos de problemas psicol\u00f3gicos y psiqui\u00e1tricos. El psic\u00f3logo tiene la tarea de brindar atenci\u00f3n psicol\u00f3gica [&hellip;]<\/p>\n","protected":false},"author":1,"featured_media":0,"parent":519,"menu_order":0,"comment_status":"closed","ping_status":"closed","template":"templates\/fullwidth.php","meta":[],"_links":{"self":[{"href":"https:\/\/ansalud.com\/ve\/wp-json\/wp\/v2\/pages\/1148"}],"collection":[{"href":"https:\/\/ansalud.com\/ve\/wp-json\/wp\/v2\/pages"}],"about":[{"href":"https:\/\/ansalud.com\/ve\/wp-json\/wp\/v2\/types\/page"}],"author":[{"embeddable":true,"href":"https:\/\/ansalud.com\/ve\/wp-json\/wp\/v2\/users\/1"}],"replies":[{"embeddable":true,"href":"https:\/\/ansalud.com\/ve\/wp-json\/wp\/v2\/comments?post=1148"}],"version-history":[{"count":0,"href":"https:\/\/ansalud.com\/ve\/wp-json\/wp\/v2\/pages\/1148\/revisions"}],"up":[{"embeddable":true,"href":"https:\/\/ansalud.com\/ve\/wp-json\/wp\/v2\/pages\/519"}],"wp:attachment":[{"href":"https:\/\/ansalud.com\/ve\/wp-json\/wp\/v2\/media?parent=1148"}],"curies":[{"name":"wp","href":"https:\/\/api.w.org\/{rel}","templated":true}]}}