{"id":118,"date":"2014-05-10T17:20:57","date_gmt":"2014-05-10T17:20:57","guid":{"rendered":"http:\/\/inspirythemesdemo.com\/medicalpress\/?page_id=118"},"modified":"2020-01-10T08:36:26","modified_gmt":"2020-01-10T12:36:26","slug":"servicios","status":"publish","type":"page","link":"https:\/\/ansalud.com\/ve\/servicios\/","title":{"rendered":"Servicios"},"content":{"rendered":"\n<h4 class=\"has-text-color has-text-align-center wp-block-heading\" style=\"color:#595959\">Existen muchos momentos en la vida que se pueden superar con ayuda. Nuestra misi\u00f3n es ofrecer la mejor asistencia m\u00e9dica y humana posible, brindando las mejores alternativas terap\u00e9uticas a trav\u00e9s de diversos programas especializados.<\/h4>\n\n\n\n<hr class=\"wp-block-separator has-text-color has-background has-very-light-gray-background-color has-very-light-gray-color is-style-wide\"\/>\n\n\n\n<div class=\"wp-block-columns is-layout-flex wp-container-4\">\n<div class=\"wp-block-column is-layout-flow\">\n<figure class=\"wp-block-image size-large\"><a href=\"https:\/\/ansalud.com\/ve\/servicios\/atencion-emergencias-psiquiatricas\/\"><img decoding=\"async\" loading=\"lazy\" width=\"1024\" height=\"410\" src=\"https:\/\/ansalud.com\/ve\/wp-content\/uploads\/2020\/01\/09-Hospital-por-diaN-1024x410.jpg\" alt=\"\" class=\"wp-image-852\" srcset=\"https:\/\/ansalud.com\/ve\/wp-content\/uploads\/2020\/01\/09-Hospital-por-diaN-1024x410.jpg 1024w, https:\/\/ansalud.com\/ve\/wp-content\/uploads\/2020\/01\/09-Hospital-por-diaN-300x120.jpg 300w, https:\/\/ansalud.com\/ve\/wp-content\/uploads\/2020\/01\/09-Hospital-por-diaN-768x307.jpg 768w, https:\/\/ansalud.com\/ve\/wp-content\/uploads\/2020\/01\/09-Hospital-por-diaN-1536x614.jpg 1536w, https:\/\/ansalud.com\/ve\/wp-content\/uploads\/2020\/01\/09-Hospital-por-diaN.jpg 2000w\" sizes=\"(max-width: 1024px) 100vw, 1024px\" \/><\/a><figcaption><strong><a href=\"https:\/\/ansalud.com\/ve\/servicios\/atencion-emergencias-psiquiatricas\/\">Atenci\u00f3n Emergencias Psiqui\u00e1tricas<\/a><\/strong><\/figcaption><\/figure>\n<\/div>\n\n\n\n<div class=\"wp-block-column is-layout-flow\">\n<figure class=\"wp-block-image size-large\"><a href=\"https:\/\/ansalud.com\/ve\/servicios\/internamiento-psiquiatrico\/\"><img decoding=\"async\" loading=\"lazy\" width=\"1024\" height=\"410\" src=\"https:\/\/ansalud.com\/ve\/wp-content\/uploads\/2020\/01\/Internamiento-1024x410.jpg\" alt=\"Internamiento Psiquiatrico\" class=\"wp-image-740\" srcset=\"https:\/\/ansalud.com\/ve\/wp-content\/uploads\/2020\/01\/Internamiento-1024x410.jpg 1024w, https:\/\/ansalud.com\/ve\/wp-content\/uploads\/2020\/01\/Internamiento-300x120.jpg 300w, https:\/\/ansalud.com\/ve\/wp-content\/uploads\/2020\/01\/Internamiento-768x307.jpg 768w, https:\/\/ansalud.com\/ve\/wp-content\/uploads\/2020\/01\/Internamiento-1536x614.jpg 1536w, https:\/\/ansalud.com\/ve\/wp-content\/uploads\/2020\/01\/Internamiento.jpg 2000w\" sizes=\"(max-width: 1024px) 100vw, 1024px\" \/><\/a><figcaption><strong><a href=\"https:\/\/ansalud.com\/ve\/servicios\/internamiento-psiquiatrico\/\">Internamiento Psiqui\u00e1trico<\/a><\/strong><\/figcaption><\/figure>\n<\/div>\n\n\n\n<div class=\"wp-block-column is-layout-flow\">\n<figure class=\"wp-block-image size-large\"><a href=\"https:\/\/ansalud.com\/ve\/servicios\/tratamiento-de-adicciones\/\"><img decoding=\"async\" loading=\"lazy\" width=\"1024\" height=\"410\" src=\"https:\/\/ansalud.com\/ve\/wp-content\/uploads\/2020\/01\/Tratamiento-de-adicciones5-1024x410.jpg\" alt=\"\" class=\"wp-image-925\" srcset=\"https:\/\/ansalud.com\/ve\/wp-content\/uploads\/2020\/01\/Tratamiento-de-adicciones5-1024x410.jpg 1024w, https:\/\/ansalud.com\/ve\/wp-content\/uploads\/2020\/01\/Tratamiento-de-adicciones5-300x120.jpg 300w, https:\/\/ansalud.com\/ve\/wp-content\/uploads\/2020\/01\/Tratamiento-de-adicciones5-768x307.jpg 768w, https:\/\/ansalud.com\/ve\/wp-content\/uploads\/2020\/01\/Tratamiento-de-adicciones5-1536x614.jpg 1536w, https:\/\/ansalud.com\/ve\/wp-content\/uploads\/2020\/01\/Tratamiento-de-adicciones5.jpg 2000w\" sizes=\"(max-width: 1024px) 100vw, 1024px\" \/><\/a><figcaption><strong><a href=\"https:\/\/ansalud.com\/ve\/servicios\/tratamiento-de-adicciones\/\">Tratamiento de Adicciones<\/a><\/strong><\/figcaption><\/figure>\n<\/div>\n<\/div>\n\n\n\n<div class=\"wp-block-columns is-layout-flex wp-container-8\">\n<div class=\"wp-block-column is-layout-flow\">\n<figure class=\"wp-block-image size-large\"><a href=\"https:\/\/ansalud.com\/ve\/servicios\/traslado-de-pacientes\/\"><img decoding=\"async\" loading=\"lazy\" width=\"1024\" height=\"410\" src=\"https:\/\/ansalud.com\/ve\/wp-content\/uploads\/2020\/01\/Traslados-de-pacientes-1024x410.jpg\" alt=\"\" class=\"wp-image-915\" srcset=\"https:\/\/ansalud.com\/ve\/wp-content\/uploads\/2020\/01\/Traslados-de-pacientes-1024x410.jpg 1024w, https:\/\/ansalud.com\/ve\/wp-content\/uploads\/2020\/01\/Traslados-de-pacientes-300x120.jpg 300w, https:\/\/ansalud.com\/ve\/wp-content\/uploads\/2020\/01\/Traslados-de-pacientes-768x307.jpg 768w, https:\/\/ansalud.com\/ve\/wp-content\/uploads\/2020\/01\/Traslados-de-pacientes-1536x614.jpg 1536w, https:\/\/ansalud.com\/ve\/wp-content\/uploads\/2020\/01\/Traslados-de-pacientes.jpg 2000w\" sizes=\"(max-width: 1024px) 100vw, 1024px\" \/><\/a><figcaption><strong><a href=\"https:\/\/ansalud.com\/ve\/servicios\/traslado-de-pacientes\/\">Traslado de Pacientes<\/a><\/strong><\/figcaption><\/figure>\n<\/div>\n\n\n\n<div class=\"wp-block-column is-layout-flow\">\n<figure class=\"wp-block-image size-large\"><a href=\"https:\/\/ansalud.com\/ve\/servicios\/consultas-psiquiatricas-psicologicas-y-familiares\/\"><img decoding=\"async\" loading=\"lazy\" width=\"1024\" height=\"410\" src=\"https:\/\/ansalud.com\/ve\/wp-content\/uploads\/2020\/01\/Consultas-Psiquiatricas-1024x410.jpg\" alt=\"\" class=\"wp-image-916\" srcset=\"https:\/\/ansalud.com\/ve\/wp-content\/uploads\/2020\/01\/Consultas-Psiquiatricas-1024x410.jpg 1024w, https:\/\/ansalud.com\/ve\/wp-content\/uploads\/2020\/01\/Consultas-Psiquiatricas-300x120.jpg 300w, https:\/\/ansalud.com\/ve\/wp-content\/uploads\/2020\/01\/Consultas-Psiquiatricas-768x307.jpg 768w, https:\/\/ansalud.com\/ve\/wp-content\/uploads\/2020\/01\/Consultas-Psiquiatricas-1536x614.jpg 1536w, https:\/\/ansalud.com\/ve\/wp-content\/uploads\/2020\/01\/Consultas-Psiquiatricas.jpg 2000w\" sizes=\"(max-width: 1024px) 100vw, 1024px\" \/><\/a><figcaption><strong><a href=\"https:\/\/ansalud.com\/ve\/servicios\/consultas-psiquiatricas-psicologicas-y-familiares\/\">Consultas Psiqui\u00e1tricas, Psicol\u00f3gicas y Familiares<\/a><\/strong><\/figcaption><\/figure>\n<\/div>\n\n\n\n<div class=\"wp-block-column is-layout-flow\">\n<figure class=\"wp-block-image size-large\"><a href=\"https:\/\/ansalud.com\/ve\/servicios\/rehabilitacion-psicosocial\/\"><img decoding=\"async\" loading=\"lazy\" width=\"1024\" height=\"410\" src=\"https:\/\/ansalud.com\/ve\/wp-content\/uploads\/2020\/01\/06-Rehabilitacion-PsicosocialN-1024x410.jpg\" alt=\"\" class=\"wp-image-850\" srcset=\"https:\/\/ansalud.com\/ve\/wp-content\/uploads\/2020\/01\/06-Rehabilitacion-PsicosocialN-1024x410.jpg 1024w, https:\/\/ansalud.com\/ve\/wp-content\/uploads\/2020\/01\/06-Rehabilitacion-PsicosocialN-300x120.jpg 300w, https:\/\/ansalud.com\/ve\/wp-content\/uploads\/2020\/01\/06-Rehabilitacion-PsicosocialN-768x307.jpg 768w, https:\/\/ansalud.com\/ve\/wp-content\/uploads\/2020\/01\/06-Rehabilitacion-PsicosocialN-1536x614.jpg 1536w, https:\/\/ansalud.com\/ve\/wp-content\/uploads\/2020\/01\/06-Rehabilitacion-PsicosocialN.jpg 2000w\" sizes=\"(max-width: 1024px) 100vw, 1024px\" \/><\/a><figcaption><strong><a href=\"https:\/\/ansalud.com\/ve\/servicios\/rehabilitacion-psicosocial\/\">Rehabilitaci\u00f3n Psicosocial<\/a><\/strong><\/figcaption><\/figure>\n<\/div>\n<\/div>\n\n\n\n<div class=\"wp-block-columns is-layout-flex wp-container-12\">\n<div class=\"wp-block-column is-layout-flow\">\n<figure class=\"wp-block-image size-large\"><a href=\"https:\/\/ansalud.com\/ve\/servicios\/desintoxicacion\/\"><img decoding=\"async\" loading=\"lazy\" width=\"1024\" height=\"410\" src=\"https:\/\/ansalud.com\/ve\/wp-content\/uploads\/2020\/01\/07a-Desintoxicacion-1024x410.jpg\" alt=\"\" class=\"wp-image-747\" srcset=\"https:\/\/ansalud.com\/ve\/wp-content\/uploads\/2020\/01\/07a-Desintoxicacion-1024x410.jpg 1024w, https:\/\/ansalud.com\/ve\/wp-content\/uploads\/2020\/01\/07a-Desintoxicacion-300x120.jpg 300w, https:\/\/ansalud.com\/ve\/wp-content\/uploads\/2020\/01\/07a-Desintoxicacion-768x307.jpg 768w, https:\/\/ansalud.com\/ve\/wp-content\/uploads\/2020\/01\/07a-Desintoxicacion-1536x614.jpg 1536w, https:\/\/ansalud.com\/ve\/wp-content\/uploads\/2020\/01\/07a-Desintoxicacion.jpg 2000w\" sizes=\"(max-width: 1024px) 100vw, 1024px\" \/><\/a><figcaption><strong><a href=\"https:\/\/ansalud.com\/ve\/servicios\/desintoxicacion\/\">Desintoxicaci\u00f3n<\/a><\/strong><\/figcaption><\/figure>\n<\/div>\n\n\n\n<div class=\"wp-block-column is-layout-flow\">\n<figure class=\"wp-block-image size-large\"><a href=\"https:\/\/ansalud.com\/ve\/servicios\/servicios-a-domicilio\/\"><img decoding=\"async\" loading=\"lazy\" width=\"1024\" height=\"410\" src=\"https:\/\/ansalud.com\/ve\/wp-content\/uploads\/2020\/01\/Servicios-a-domicilio-1024x410.jpg\" alt=\"\" class=\"wp-image-917\" srcset=\"https:\/\/ansalud.com\/ve\/wp-content\/uploads\/2020\/01\/Servicios-a-domicilio-1024x410.jpg 1024w, https:\/\/ansalud.com\/ve\/wp-content\/uploads\/2020\/01\/Servicios-a-domicilio-300x120.jpg 300w, https:\/\/ansalud.com\/ve\/wp-content\/uploads\/2020\/01\/Servicios-a-domicilio-768x307.jpg 768w, https:\/\/ansalud.com\/ve\/wp-content\/uploads\/2020\/01\/Servicios-a-domicilio-1536x614.jpg 1536w, https:\/\/ansalud.com\/ve\/wp-content\/uploads\/2020\/01\/Servicios-a-domicilio.jpg 2000w\" sizes=\"(max-width: 1024px) 100vw, 1024px\" \/><\/a><figcaption><strong><a href=\"https:\/\/ansalud.com\/ve\/servicios\/servicios-a-domicilio\/\">Servicios a Domicilio<\/a><\/strong><\/figcaption><\/figure>\n<\/div>\n\n\n\n<div class=\"wp-block-column is-layout-flow\">\n<figure class=\"wp-block-image size-large\"><a href=\"https:\/\/ansalud.com\/ve\/servicios\/hospital-por-dia\/\"><img decoding=\"async\" loading=\"lazy\" width=\"1024\" height=\"410\" src=\"https:\/\/ansalud.com\/ve\/wp-content\/uploads\/2020\/01\/09b-Hospital-por-dia-1024x410.jpg\" alt=\"\" class=\"wp-image-750\" srcset=\"https:\/\/ansalud.com\/ve\/wp-content\/uploads\/2020\/01\/09b-Hospital-por-dia-1024x410.jpg 1024w, https:\/\/ansalud.com\/ve\/wp-content\/uploads\/2020\/01\/09b-Hospital-por-dia-300x120.jpg 300w, https:\/\/ansalud.com\/ve\/wp-content\/uploads\/2020\/01\/09b-Hospital-por-dia-768x307.jpg 768w, https:\/\/ansalud.com\/ve\/wp-content\/uploads\/2020\/01\/09b-Hospital-por-dia-1536x614.jpg 1536w, https:\/\/ansalud.com\/ve\/wp-content\/uploads\/2020\/01\/09b-Hospital-por-dia.jpg 2000w\" sizes=\"(max-width: 1024px) 100vw, 1024px\" \/><\/a><figcaption><strong><a href=\"https:\/\/ansalud.com\/ve\/servicios\/hospital-por-dia\/\">Hospital por D\u00eda<\/a><\/strong><\/figcaption><\/figure>\n<\/div>\n<\/div>\n\n\n\n<div class=\"wp-block-columns is-layout-flex wp-container-15\">\n<div class=\"wp-block-column is-vertically-aligned-top is-layout-flow\" style=\"flex-basis:32%\">\n<figure class=\"wp-block-image size-large is-style-default\"><a href=\"https:\/\/ansalud.com\/ve\/servicios\/psicoterapia\/\"><img decoding=\"async\" loading=\"lazy\" width=\"1024\" height=\"410\" src=\"https:\/\/ansalud.com\/ve\/wp-content\/uploads\/2020\/01\/10-PsicoterapiaN-1024x410.jpg\" alt=\"\" class=\"wp-image-853\" srcset=\"https:\/\/ansalud.com\/ve\/wp-content\/uploads\/2020\/01\/10-PsicoterapiaN-1024x410.jpg 1024w, https:\/\/ansalud.com\/ve\/wp-content\/uploads\/2020\/01\/10-PsicoterapiaN-300x120.jpg 300w, https:\/\/ansalud.com\/ve\/wp-content\/uploads\/2020\/01\/10-PsicoterapiaN-768x307.jpg 768w, https:\/\/ansalud.com\/ve\/wp-content\/uploads\/2020\/01\/10-PsicoterapiaN-1536x614.jpg 1536w, https:\/\/ansalud.com\/ve\/wp-content\/uploads\/2020\/01\/10-PsicoterapiaN.jpg 2000w\" sizes=\"(max-width: 1024px) 100vw, 1024px\" \/><\/a><figcaption><strong><a href=\"https:\/\/ansalud.com\/ve\/servicios\/psicoterapia\/\">Psicoterapia<\/a><\/strong><\/figcaption><\/figure>\n<\/div>\n\n\n\n<div class=\"wp-block-column is-layout-flow\" style=\"flex-basis:68%\"><\/div>\n<\/div>\n","protected":false},"excerpt":{"rendered":"<p>Existen muchos momentos en la vida que se pueden superar con ayuda. Nuestra misi\u00f3n es ofrecer la mejor asistencia m\u00e9dica y humana posible, brindando las mejores alternativas terap\u00e9uticas a trav\u00e9s de diversos programas especializados.<\/p>\n","protected":false},"author":1,"featured_media":0,"parent":0,"menu_order":0,"comment_status":"closed","ping_status":"closed","template":"templates\/fullwidth.php","meta":[],"_links":{"self":[{"href":"https:\/\/ansalud.com\/ve\/wp-json\/wp\/v2\/pages\/118"}],"collection":[{"href":"https:\/\/ansalud.com\/ve\/wp-json\/wp\/v2\/pages"}],"about":[{"href":"https:\/\/ansalud.com\/ve\/wp-json\/wp\/v2\/types\/page"}],"author":[{"embeddable":true,"href":"https:\/\/ansalud.com\/ve\/wp-json\/wp\/v2\/users\/1"}],"replies":[{"embeddable":true,"href":"https:\/\/ansalud.com\/ve\/wp-json\/wp\/v2\/comments?post=118"}],"version-history":[{"count":0,"href":"https:\/\/ansalud.com\/ve\/wp-json\/wp\/v2\/pages\/118\/revisions"}],"wp:attachment":[{"href":"https:\/\/ansalud.com\/ve\/wp-json\/wp\/v2\/media?parent=118"}],"curies":[{"name":"wp","href":"https:\/\/api.w.org\/{rel}","templated":true}]}}