{"id":188,"date":"2014-05-12T06:10:20","date_gmt":"2014-05-12T10:40:20","guid":{"rendered":"http:\/\/inspirythemesdemo.com\/medicalpress\/?page_id=188"},"modified":"2019-12-15T08:06:19","modified_gmt":"2019-12-15T12:06:19","slug":"reserve-una-cita","status":"publish","type":"page","link":"https:\/\/ansalud.com\/ve\/reserve-una-cita\/","title":{"rendered":"Reserve una cita"},"content":{"rendered":"<h2 style=\"text-align: center;\">Reserve una cita<\/h2>\n<p style=\"text-align: center;\">\u00a1Se acabaron los minutos en espera para pedir una cita m\u00e9dica! Est\u00e1s accediendo al servicio en l\u00ednea de ANSalud &#8211; Unidad de Rehabilitaci\u00f3n Mental. Por favor, ingresa tus datos.<\/p>\n","protected":false},"excerpt":{"rendered":"<p>Reserve una cita \u00a1Se acabaron los minutos en espera para pedir una cita m\u00e9dica! Est\u00e1s accediendo al servicio en l\u00ednea de ANSalud &#8211; Unidad de Rehabilitaci\u00f3n Mental. Por favor, ingresa tus datos.<\/p>\n","protected":false},"author":1,"featured_media":0,"parent":0,"menu_order":0,"comment_status":"closed","ping_status":"closed","template":"templates\/make-appointment.php","meta":[],"_links":{"self":[{"href":"https:\/\/ansalud.com\/ve\/wp-json\/wp\/v2\/pages\/188"}],"collection":[{"href":"https:\/\/ansalud.com\/ve\/wp-json\/wp\/v2\/pages"}],"about":[{"href":"https:\/\/ansalud.com\/ve\/wp-json\/wp\/v2\/types\/page"}],"author":[{"embeddable":true,"href":"https:\/\/ansalud.com\/ve\/wp-json\/wp\/v2\/users\/1"}],"replies":[{"embeddable":true,"href":"https:\/\/ansalud.com\/ve\/wp-json\/wp\/v2\/comments?post=188"}],"version-history":[{"count":0,"href":"https:\/\/ansalud.com\/ve\/wp-json\/wp\/v2\/pages\/188\/revisions"}],"wp:attachment":[{"href":"https:\/\/ansalud.com\/ve\/wp-json\/wp\/v2\/media?parent=188"}],"curies":[{"name":"wp","href":"https:\/\/api.w.org\/{rel}","templated":true}]}}