{"id":516,"date":"2019-12-14T18:37:56","date_gmt":"2019-12-14T22:37:56","guid":{"rendered":"https:\/\/ansalud.com\/ve\/?page_id=516"},"modified":"2023-04-19T16:25:20","modified_gmt":"2023-04-19T20:25:20","slug":"trastornos","status":"publish","type":"page","link":"https:\/\/ansalud.com\/ve\/trastornos\/","title":{"rendered":"Trastornos Mentales"},"content":{"rendered":"<p><strong>En ANSalud manejamos los diferentes Trastornos Mentales que puede presentar un paciente tales como:<\/strong><\/p>\n  <div class=\"accordion-main var-two\"><div class=\"accordion\"><div class=\"accordion-title\"><h3>Depresi\u00f3n<i class=\"fa fa-plus\"><\/i><\/h3><\/div><div class=\"accordion-content\" ><p>La depresi\u00f3n es un trastorno mental frecuente, que se caracteriza por la presencia de tristeza, p\u00e9rdida de inter\u00e9s o placer, sentimientos de culpa o falta de autoestima, trastornos del sue\u00f1o o del apetito, sensaci\u00f3n de cansancio y falta de concentraci\u00f3n.<\/p><\/div><\/div><div class=\"accordion\"><div class=\"accordion-title\"><h3>Trastorno Bipolar<i class=\"fa fa-plus\"><\/i><\/h3><\/div><div class=\"accordion-content\" ><p>Es una afecci\u00f3n mental en la cual una persona tiene cambios marcados o extremos en el estado de \u00e1nimo. Los per\u00edodos de sentirse triste o deprimido pueden alternar con per\u00edodos de sentirse muy feliz y activo o malhumorado e irritable.<\/p><\/div><\/div><div class=\"accordion\"><div class=\"accordion-title\"><h3>Adicciones<i class=\"fa fa-plus\"><\/i><\/h3><\/div><div class=\"accordion-content\" ><p>Es una enfermedad cr\u00f3nica y recurrente del cerebro que se caracteriza por una b\u00fasqueda patol\u00f3gica de la recompensa y\/o alivio a trav\u00e9s del uso de una sustancia u otras conductas.<\/p><\/div><\/div><div class=\"accordion\"><div class=\"accordion-title\"><h3>Ludopat\u00eda<i class=\"fa fa-plus\"><\/i><\/h3><\/div><div class=\"accordion-content\" ><p>La ludopat\u00eda es un trastorno psicol\u00f3gico que se caracteriza por una necesidad incontrolable de jugar y apostar, a pesar de las consecuencias negativas que puedan derivarse de ello. Es decir, se trata de una adicci\u00f3n al juego.<\/p><\/div><\/div><div class=\"accordion\"><div class=\"accordion-title\"><h3>Ansiedad o Ataques de P\u00e1nico<i class=\"fa fa-plus\"><\/i><\/h3><\/div><div class=\"accordion-content\" ><p>El trastorno de p\u00e1nico es un tipo de trastorno de ansiedad. Causa ataques de p\u00e1nico, que son sensaciones repentinas de terror sin un peligro aparente.La persona puede sentir como si estuviera perdiendo el control.<\/p><\/div><\/div><div class=\"accordion\"><div class=\"accordion-title\"><h3>Trastornos de Adaptaci\u00f3n<i class=\"fa fa-plus\"><\/i><\/h3><\/div><div class=\"accordion-content\" ><p>Es un grupo de s\u00edntomas, como estr\u00e9s, sentirse triste o desesperado y s\u00edntomas f\u00edsicos, que pueden producirse despu\u00e9s de pasar por un episodio estresante en la vida.<\/p><\/div><\/div><div class=\"accordion\"><div class=\"accordion-title\"><h3>Trastornos de Personalidad<i class=\"fa fa-plus\"><\/i><\/h3><\/div><div class=\"accordion-content\" ><p>Son un grupo de enfermedades mentales. Involucran un patr\u00f3n a largo plazo de pensamientos y comportamiento que no son saludables y resultan inflexibles.<\/p><\/div><\/div><div class=\"accordion\"><div class=\"accordion-title\"><h3>Hiperactividad y D\u00e9ficit de Atenci\u00f3n<i class=\"fa fa-plus\"><\/i><\/h3><\/div><div class=\"accordion-content\" ><p>\u00bfEs dif\u00edcil que su hijo se est\u00e9 quieto? \u00bfSu hijo act\u00faa sin pensar primero? \u00bfEmpieza por hacer algo y no lo termina? Si es as\u00ed, es posible que padezca del trastorno de d\u00e9ficit de atenci\u00f3n e hiperactividad (TDAH).<\/p><\/div><\/div><div class=\"accordion\"><div class=\"accordion-title\"><h3>Discapacidad Intelectual<i class=\"fa fa-plus\"><\/i><\/h3><\/div><div class=\"accordion-content\" ><p>Los trastornos de desarrollo son problemas severos y de larga duraci\u00f3n. Pueden ser f\u00edsicos, como la ceguera. Pueden afectar las actividades mentales, como los problemas de aprendizaje.<\/p><\/div><\/div><div class=\"accordion\"><div class=\"accordion-title\"><h3>Estr\u00e9s Postraum\u00e1tico<i class=\"fa fa-plus\"><\/i><\/h3><\/div><div class=\"accordion-content\" ><p>El trastorno de estr\u00e9s postraum\u00e1tico (TEPT) es una enfermedad real. Puede sufrir de TEPT luego de vivir o ver eventos traum\u00e1ticos como la guerra, huracanes, violaciones, abusos f\u00edsicos o un accidente grave.<\/p><\/div><\/div><div class=\"accordion\"><div class=\"accordion-title\"><h3>Esquizofrenia<i class=\"fa fa-plus\"><\/i><\/h3><\/div><div class=\"accordion-content\" ><p>La esquizofrenia es un trastorno mental grave que afecta a m\u00e1s de 21 millones de personas en todo el mundo. Se caracteriza por una distorsi\u00f3n del pensamiento, las percepciones, las emociones y el lenguaje.<\/p><\/div><\/div><div class=\"accordion\"><div class=\"accordion-title\"><h3>Psicosis<i class=\"fa fa-plus\"><\/i><\/h3><\/div><div class=\"accordion-content\" ><p>Enfermedad mental grave que se caracteriza por una alteraci\u00f3n global de la personalidad acompa\u00f1ada de un trastorno grave del sentido de la realidad.<\/p><\/div><\/div><div class=\"accordion\"><div class=\"accordion-title\"><h3>Trastornos de la Personalidad<i class=\"fa fa-plus\"><\/i><\/h3><\/div><div class=\"accordion-content\" ><p>Los trastornos de la personalidad son un grupo de afecciones mentales en las cuales una persona tiene un patr\u00f3n prolongado de comportamientos, emociones y pensamientos que es muy diferente a las expectativas de su cultura.<\/p><\/div><\/div><div class=\"accordion\"><div class=\"accordion-title\"><h3>Agresividad<i class=\"fa fa-plus\"><\/i><\/h3><\/div><div class=\"accordion-content\" ><p>El t\u00e9rmino agresividad hace referencia a un conjunto de patrones de actividad que pueden manifestarse con intensidad variable, incluyendo desde la pelea f\u00edsica hasta los gestos o expansiones verbales que aparecen en el curso de cualquier negociaci\u00f3n.<\/p><\/div><\/div><div class=\"accordion\"><div class=\"accordion-title\"><h3>P\u00e9rdida de Control de los Impulsos<i class=\"fa fa-plus\"><\/i><\/h3><\/div><div class=\"accordion-content\" ><p>Los trastornos del control de impulsos son una clase de des\u00f3rdenes psiqui\u00e1tricos caracterizados por la impulsividad \u2013 no resistir la tentaci\u00f3n, deseo o impulso que le puede hacer da\u00f1o a s\u00ed mismo o a otros.<\/p><\/div><\/div><\/div>\n","protected":false},"excerpt":{"rendered":"<p>En ANSalud manejamos los diferentes Trastornos Mentales que puede presentar un paciente tales como:<\/p>\n","protected":false},"author":1,"featured_media":0,"parent":0,"menu_order":0,"comment_status":"closed","ping_status":"closed","template":"","meta":[],"_links":{"self":[{"href":"https:\/\/ansalud.com\/ve\/wp-json\/wp\/v2\/pages\/516"}],"collection":[{"href":"https:\/\/ansalud.com\/ve\/wp-json\/wp\/v2\/pages"}],"about":[{"href":"https:\/\/ansalud.com\/ve\/wp-json\/wp\/v2\/types\/page"}],"author":[{"embeddable":true,"href":"https:\/\/ansalud.com\/ve\/wp-json\/wp\/v2\/users\/1"}],"replies":[{"embeddable":true,"href":"https:\/\/ansalud.com\/ve\/wp-json\/wp\/v2\/comments?post=516"}],"version-history":[{"count":1,"href":"https:\/\/ansalud.com\/ve\/wp-json\/wp\/v2\/pages\/516\/revisions"}],"predecessor-version":[{"id":1264,"href":"https:\/\/ansalud.com\/ve\/wp-json\/wp\/v2\/pages\/516\/revisions\/1264"}],"wp:attachment":[{"href":"https:\/\/ansalud.com\/ve\/wp-json\/wp\/v2\/media?parent=516"}],"curies":[{"name":"wp","href":"https:\/\/api.w.org\/{rel}","templated":true}]}}