{"id":519,"date":"2019-12-14T18:40:11","date_gmt":"2019-12-14T18:40:11","guid":{"rendered":"https:\/\/ansalud.com\/ve\/?page_id=519"},"modified":"2020-01-23T15:15:47","modified_gmt":"2020-01-23T19:15:47","slug":"nosotros","status":"publish","type":"page","link":"https:\/\/ansalud.com\/ve\/nosotros\/","title":{"rendered":"Nosotros"},"content":{"rendered":"<p><strong>ANSALUD RD Unidad de Rehabilitaci\u00f3n Mental<\/strong>, es un centro de ATENCI\u00d3N PSIQUI\u00c1TRICA, ubicado en VENEZUELA, en S\u00e1bana de Guacuco, La Asuncion con atenci\u00f3n de emergencias y consulta externa, asistencia las 24 horas del d\u00eda, con internamiento de corta, media y larga estad\u00eda, atenci\u00f3n terap\u00e9utica integral para cualquier tipo de trastornos de la esfera emocional, incluyendo alteraciones depresivas, trastornos de ansiedad, insomnio, psicosis, trastorno bipolar, fobias, trastornos de conducta y de personalidad, alteraciones en la alimentaci\u00f3n y drogodependencia para lo cual contamos con un prestigioso grupo de m\u00e9dicos psiquiatras, toxic\u00f3logos, internistas, psic\u00f3logos cl\u00ednicos, psicoterapeutas, consejeros especialistas en adicciones, trabajador social.<\/p>\n<p>El paciente en su hospitalizaci\u00f3n ser\u00e1 atendido por un equipo de enfermer\u00eda especializada y param\u00e9dico que se encarga del cuidado las 24 horas del d\u00eda a nuestros pacientes psiqui\u00e1tricos.<\/p>\n<p>En <strong>ANSALUD<\/strong> combinamos el tratamiento m\u00e9dico y farmacol\u00f3gico con terapias complementarias, alternativas, yoga, relajaci\u00f3n, clases de cocina, jardiner\u00eda, terapia ocupacional, arte-terapia, salidas y paseos dirigidos y acompa\u00f1ados 1 vez al mes.<\/p>\n<p>Hacemos adem\u00e1s de las terapias individuales,terapias de grupo y talleres de informaci\u00f3n sobre salud mental dirigidos al paciente y a la familia, tambi\u00e9n visitamos a la comunidad como parte de nuestra responsabilidad social.<\/p>\n<p class=\"message alert-info\">Para contactarnos estos son nuestros n\u00fameros: VENEZUELA (0295)242.5137 &#8211; (0414)303.0475 &#8211; (0426)596.0319<button type=\"button\" class=\"close\" aria-hidden=\"true\">&times;<\/button><\/p>\n","protected":false},"excerpt":{"rendered":"<p>ANSALUD RD Unidad de Rehabilitaci\u00f3n Mental, es un centro de ATENCI\u00d3N PSIQUI\u00c1TRICA, ubicado en VENEZUELA, en S\u00e1bana de Guacuco, La Asuncion con atenci\u00f3n de emergencias y consulta externa, asistencia las 24 horas del d\u00eda, con internamiento de corta, media y larga estad\u00eda, atenci\u00f3n terap\u00e9utica integral para cualquier tipo de trastornos de la esfera emocional, incluyendo [&hellip;]<\/p>\n","protected":false},"author":1,"featured_media":0,"parent":0,"menu_order":0,"comment_status":"closed","ping_status":"closed","template":"templates\/fullwidth.php","meta":[],"_links":{"self":[{"href":"https:\/\/ansalud.com\/ve\/wp-json\/wp\/v2\/pages\/519"}],"collection":[{"href":"https:\/\/ansalud.com\/ve\/wp-json\/wp\/v2\/pages"}],"about":[{"href":"https:\/\/ansalud.com\/ve\/wp-json\/wp\/v2\/types\/page"}],"author":[{"embeddable":true,"href":"https:\/\/ansalud.com\/ve\/wp-json\/wp\/v2\/users\/1"}],"replies":[{"embeddable":true,"href":"https:\/\/ansalud.com\/ve\/wp-json\/wp\/v2\/comments?post=519"}],"version-history":[{"count":0,"href":"https:\/\/ansalud.com\/ve\/wp-json\/wp\/v2\/pages\/519\/revisions"}],"wp:attachment":[{"href":"https:\/\/ansalud.com\/ve\/wp-json\/wp\/v2\/media?parent=519"}],"curies":[{"name":"wp","href":"https:\/\/api.w.org\/{rel}","templated":true}]}}