{"id":522,"date":"2019-12-14T18:47:28","date_gmt":"2019-12-14T18:47:28","guid":{"rendered":"https:\/\/ansalud.com\/ve\/?page_id=522"},"modified":"2023-04-21T10:31:22","modified_gmt":"2023-04-21T14:31:22","slug":"nuestras-instalaciones","status":"publish","type":"page","link":"https:\/\/ansalud.com\/ve\/nosotros\/nuestras-instalaciones\/","title":{"rendered":"Nuestras instalaciones"},"content":{"rendered":"<h3 style=\"text-align: center;\">De acuerdo a los m\u00e1s altos est\u00e1ndares, <strong>Ansalud<\/strong> se mantiene a la vanguardia ofreci\u00e9ndole las m\u00e1s amplias y modernas instalaciones, garantiz\u00e1ndole la mejor calidad de servicio.<\/h3>\n\n\n<hr class=\"wp-block-separator has-text-color has-css-opacity has-background\" style=\"background-color:#ffffff;color:#ffffff\"\/>\n\n\n\n<figure class=\"wp-block-gallery has-nested-images columns-default is-cropped wp-block-gallery-1 is-layout-flex\">\n<figure class=\"wp-block-image size-large\"><img decoding=\"async\" loading=\"lazy\" width=\"1013\" height=\"1024\" data-id=\"1142\"  src=\"https:\/\/ansalud.com\/ve\/wp-content\/uploads\/2020\/01\/imagen_870359_100516-1013x1024.jpg\" alt=\"\" class=\"wp-image-1142\" srcset=\"https:\/\/ansalud.com\/ve\/wp-content\/uploads\/2020\/01\/imagen_870359_100516-1013x1024.jpg 1013w, https:\/\/ansalud.com\/ve\/wp-content\/uploads\/2020\/01\/imagen_870359_100516-297x300.jpg 297w, https:\/\/ansalud.com\/ve\/wp-content\/uploads\/2020\/01\/imagen_870359_100516-768x776.jpg 768w, https:\/\/ansalud.com\/ve\/wp-content\/uploads\/2020\/01\/imagen_870359_100516.jpg 1179w\" sizes=\"(max-width: 1013px) 100vw, 1013px\" \/><\/figure>\n\n\n\n<figure class=\"wp-block-image size-large\"><img decoding=\"async\" loading=\"lazy\" width=\"960\" height=\"720\" data-id=\"1146\"  src=\"https:\/\/ansalud.com\/ve\/wp-content\/uploads\/2020\/01\/imagen_18109_100516.jpg\" alt=\"\" class=\"wp-image-1146\" srcset=\"https:\/\/ansalud.com\/ve\/wp-content\/uploads\/2020\/01\/imagen_18109_100516.jpg 960w, https:\/\/ansalud.com\/ve\/wp-content\/uploads\/2020\/01\/imagen_18109_100516-300x225.jpg 300w, https:\/\/ansalud.com\/ve\/wp-content\/uploads\/2020\/01\/imagen_18109_100516-768x576.jpg 768w\" sizes=\"(max-width: 960px) 100vw, 960px\" \/><\/figure>\n\n\n\n<figure class=\"wp-block-image size-large\"><img decoding=\"async\" loading=\"lazy\" width=\"1024\" height=\"680\" data-id=\"1143\"  src=\"https:\/\/ansalud.com\/ve\/wp-content\/uploads\/2020\/01\/imagen_840875_100516-1024x680.jpg\" alt=\"\" class=\"wp-image-1143\" srcset=\"https:\/\/ansalud.com\/ve\/wp-content\/uploads\/2020\/01\/imagen_840875_100516-1024x680.jpg 1024w, https:\/\/ansalud.com\/ve\/wp-content\/uploads\/2020\/01\/imagen_840875_100516-300x199.jpg 300w, https:\/\/ansalud.com\/ve\/wp-content\/uploads\/2020\/01\/imagen_840875_100516-768x510.jpg 768w, https:\/\/ansalud.com\/ve\/wp-content\/uploads\/2020\/01\/imagen_840875_100516-1536x1020.jpg 1536w, https:\/\/ansalud.com\/ve\/wp-content\/uploads\/2020\/01\/imagen_840875_100516.jpg 1600w\" sizes=\"(max-width: 1024px) 100vw, 1024px\" \/><figcaption class=\"wp-element-caption\">SONY DSC<\/figcaption><\/figure>\n\n\n\n<figure class=\"wp-block-image size-large\"><img decoding=\"async\" loading=\"lazy\" width=\"800\" height=\"600\" data-id=\"1144\"  src=\"https:\/\/ansalud.com\/ve\/wp-content\/uploads\/2020\/01\/imagen_528958_100516.jpg\" alt=\"\" class=\"wp-image-1144\" srcset=\"https:\/\/ansalud.com\/ve\/wp-content\/uploads\/2020\/01\/imagen_528958_100516.jpg 800w, https:\/\/ansalud.com\/ve\/wp-content\/uploads\/2020\/01\/imagen_528958_100516-300x225.jpg 300w, https:\/\/ansalud.com\/ve\/wp-content\/uploads\/2020\/01\/imagen_528958_100516-768x576.jpg 768w\" sizes=\"(max-width: 800px) 100vw, 800px\" \/><\/figure>\n\n\n\n<figure class=\"wp-block-image size-large\"><img decoding=\"async\" loading=\"lazy\" width=\"1024\" height=\"680\" data-id=\"1145\"  src=\"https:\/\/ansalud.com\/ve\/wp-content\/uploads\/2020\/01\/imagen_152953_161116-1024x680.jpg\" alt=\"\" class=\"wp-image-1145\" srcset=\"https:\/\/ansalud.com\/ve\/wp-content\/uploads\/2020\/01\/imagen_152953_161116-1024x680.jpg 1024w, https:\/\/ansalud.com\/ve\/wp-content\/uploads\/2020\/01\/imagen_152953_161116-300x199.jpg 300w, https:\/\/ansalud.com\/ve\/wp-content\/uploads\/2020\/01\/imagen_152953_161116-768x510.jpg 768w, https:\/\/ansalud.com\/ve\/wp-content\/uploads\/2020\/01\/imagen_152953_161116-1536x1020.jpg 1536w, https:\/\/ansalud.com\/ve\/wp-content\/uploads\/2020\/01\/imagen_152953_161116.jpg 1600w\" sizes=\"(max-width: 1024px) 100vw, 1024px\" \/><figcaption class=\"wp-element-caption\">SONY DSC<\/figcaption><\/figure>\n\n\n\n<figure class=\"wp-block-image size-large\"><img decoding=\"async\" loading=\"lazy\" width=\"1024\" height=\"761\" data-id=\"1242\"  src=\"https:\/\/ansalud.com\/ve\/wp-content\/uploads\/2023\/04\/IMG-20230414-WA0049.jpg\" alt=\"\" class=\"wp-image-1242\" srcset=\"https:\/\/ansalud.com\/ve\/wp-content\/uploads\/2023\/04\/IMG-20230414-WA0049.jpg 1024w, https:\/\/ansalud.com\/ve\/wp-content\/uploads\/2023\/04\/IMG-20230414-WA0049-300x223.jpg 300w, https:\/\/ansalud.com\/ve\/wp-content\/uploads\/2023\/04\/IMG-20230414-WA0049-768x571.jpg 768w\" sizes=\"(max-width: 1024px) 100vw, 1024px\" \/><\/figure>\n\n\n\n<figure class=\"wp-block-image size-large\"><img decoding=\"async\" loading=\"lazy\" width=\"1024\" height=\"761\" data-id=\"1243\"  src=\"https:\/\/ansalud.com\/ve\/wp-content\/uploads\/2023\/04\/IMG-20230414-WA0066.jpg\" alt=\"\" class=\"wp-image-1243\" srcset=\"https:\/\/ansalud.com\/ve\/wp-content\/uploads\/2023\/04\/IMG-20230414-WA0066.jpg 1024w, https:\/\/ansalud.com\/ve\/wp-content\/uploads\/2023\/04\/IMG-20230414-WA0066-300x223.jpg 300w, https:\/\/ansalud.com\/ve\/wp-content\/uploads\/2023\/04\/IMG-20230414-WA0066-768x571.jpg 768w\" sizes=\"(max-width: 1024px) 100vw, 1024px\" \/><\/figure>\n\n\n\n<figure class=\"wp-block-image size-large\"><img decoding=\"async\" loading=\"lazy\" width=\"1024\" height=\"761\" data-id=\"1244\"  src=\"https:\/\/ansalud.com\/ve\/wp-content\/uploads\/2023\/04\/IMG-20230414-WA0100.jpg\" alt=\"\" class=\"wp-image-1244\" srcset=\"https:\/\/ansalud.com\/ve\/wp-content\/uploads\/2023\/04\/IMG-20230414-WA0100.jpg 1024w, https:\/\/ansalud.com\/ve\/wp-content\/uploads\/2023\/04\/IMG-20230414-WA0100-300x223.jpg 300w, https:\/\/ansalud.com\/ve\/wp-content\/uploads\/2023\/04\/IMG-20230414-WA0100-768x571.jpg 768w\" sizes=\"(max-width: 1024px) 100vw, 1024px\" \/><\/figure>\n\n\n\n<figure class=\"wp-block-image size-large\"><img decoding=\"async\" loading=\"lazy\" width=\"1024\" height=\"761\" data-id=\"1245\"  src=\"https:\/\/ansalud.com\/ve\/wp-content\/uploads\/2023\/04\/IMG-20230414-WA0115.jpg\" alt=\"\" class=\"wp-image-1245\" srcset=\"https:\/\/ansalud.com\/ve\/wp-content\/uploads\/2023\/04\/IMG-20230414-WA0115.jpg 1024w, https:\/\/ansalud.com\/ve\/wp-content\/uploads\/2023\/04\/IMG-20230414-WA0115-300x223.jpg 300w, https:\/\/ansalud.com\/ve\/wp-content\/uploads\/2023\/04\/IMG-20230414-WA0115-768x571.jpg 768w\" sizes=\"(max-width: 1024px) 100vw, 1024px\" \/><\/figure>\n\n\n\n<figure class=\"wp-block-image size-large\"><img decoding=\"async\" loading=\"lazy\" width=\"1024\" height=\"761\" data-id=\"1246\"  src=\"https:\/\/ansalud.com\/ve\/wp-content\/uploads\/2023\/04\/IMG-20230414-WA0117.jpg\" alt=\"\" class=\"wp-image-1246\" srcset=\"https:\/\/ansalud.com\/ve\/wp-content\/uploads\/2023\/04\/IMG-20230414-WA0117.jpg 1024w, https:\/\/ansalud.com\/ve\/wp-content\/uploads\/2023\/04\/IMG-20230414-WA0117-300x223.jpg 300w, https:\/\/ansalud.com\/ve\/wp-content\/uploads\/2023\/04\/IMG-20230414-WA0117-768x571.jpg 768w\" sizes=\"(max-width: 1024px) 100vw, 1024px\" \/><\/figure>\n\n\n\n<figure class=\"wp-block-image size-large\"><img decoding=\"async\" loading=\"lazy\" width=\"1024\" height=\"768\" data-id=\"1247\"  src=\"https:\/\/ansalud.com\/ve\/wp-content\/uploads\/2023\/04\/IMG-20230414-WA0122.jpg\" alt=\"\" class=\"wp-image-1247\" srcset=\"https:\/\/ansalud.com\/ve\/wp-content\/uploads\/2023\/04\/IMG-20230414-WA0122.jpg 1024w, https:\/\/ansalud.com\/ve\/wp-content\/uploads\/2023\/04\/IMG-20230414-WA0122-300x225.jpg 300w, https:\/\/ansalud.com\/ve\/wp-content\/uploads\/2023\/04\/IMG-20230414-WA0122-768x576.jpg 768w\" sizes=\"(max-width: 1024px) 100vw, 1024px\" \/><\/figure>\n\n\n\n<figure class=\"wp-block-image size-large\"><img decoding=\"async\" loading=\"lazy\" width=\"1024\" height=\"761\" data-id=\"1248\"  src=\"https:\/\/ansalud.com\/ve\/wp-content\/uploads\/2023\/04\/IMG-20230414-WA0129.jpg\" alt=\"\" class=\"wp-image-1248\" srcset=\"https:\/\/ansalud.com\/ve\/wp-content\/uploads\/2023\/04\/IMG-20230414-WA0129.jpg 1024w, https:\/\/ansalud.com\/ve\/wp-content\/uploads\/2023\/04\/IMG-20230414-WA0129-300x223.jpg 300w, https:\/\/ansalud.com\/ve\/wp-content\/uploads\/2023\/04\/IMG-20230414-WA0129-768x571.jpg 768w\" sizes=\"(max-width: 1024px) 100vw, 1024px\" \/><\/figure>\n\n\n\n<figure class=\"wp-block-image size-large\"><img decoding=\"async\" loading=\"lazy\" width=\"750\" height=\"747\" data-id=\"1265\"  src=\"https:\/\/ansalud.com\/ve\/wp-content\/uploads\/2023\/04\/IMG-20230420-WA0033.jpg\" alt=\"\" class=\"wp-image-1265\" srcset=\"https:\/\/ansalud.com\/ve\/wp-content\/uploads\/2023\/04\/IMG-20230420-WA0033.jpg 750w, https:\/\/ansalud.com\/ve\/wp-content\/uploads\/2023\/04\/IMG-20230420-WA0033-300x300.jpg 300w, https:\/\/ansalud.com\/ve\/wp-content\/uploads\/2023\/04\/IMG-20230420-WA0033-150x150.jpg 150w\" sizes=\"(max-width: 750px) 100vw, 750px\" \/><\/figure>\n\n\n\n<figure class=\"wp-block-image size-large\"><img decoding=\"async\" loading=\"lazy\" width=\"1024\" height=\"768\" data-id=\"1266\"  src=\"https:\/\/ansalud.com\/ve\/wp-content\/uploads\/2023\/04\/IMG-20230420-WA0038-1024x768.jpg\" alt=\"\" class=\"wp-image-1266\" srcset=\"https:\/\/ansalud.com\/ve\/wp-content\/uploads\/2023\/04\/IMG-20230420-WA0038-1024x768.jpg 1024w, https:\/\/ansalud.com\/ve\/wp-content\/uploads\/2023\/04\/IMG-20230420-WA0038-300x225.jpg 300w, https:\/\/ansalud.com\/ve\/wp-content\/uploads\/2023\/04\/IMG-20230420-WA0038-768x576.jpg 768w, https:\/\/ansalud.com\/ve\/wp-content\/uploads\/2023\/04\/IMG-20230420-WA0038-1536x1152.jpg 1536w, https:\/\/ansalud.com\/ve\/wp-content\/uploads\/2023\/04\/IMG-20230420-WA0038.jpg 1600w\" sizes=\"(max-width: 1024px) 100vw, 1024px\" \/><\/figure>\n\n\n\n<figure class=\"wp-block-image size-large\"><img decoding=\"async\" loading=\"lazy\" width=\"960\" height=\"960\" data-id=\"1267\"  src=\"https:\/\/ansalud.com\/ve\/wp-content\/uploads\/2023\/04\/IMG-20230420-WA0041.jpg\" alt=\"\" class=\"wp-image-1267\" srcset=\"https:\/\/ansalud.com\/ve\/wp-content\/uploads\/2023\/04\/IMG-20230420-WA0041.jpg 960w, https:\/\/ansalud.com\/ve\/wp-content\/uploads\/2023\/04\/IMG-20230420-WA0041-300x300.jpg 300w, https:\/\/ansalud.com\/ve\/wp-content\/uploads\/2023\/04\/IMG-20230420-WA0041-150x150.jpg 150w, https:\/\/ansalud.com\/ve\/wp-content\/uploads\/2023\/04\/IMG-20230420-WA0041-768x768.jpg 768w\" sizes=\"(max-width: 960px) 100vw, 960px\" \/><\/figure>\n\n\n\n<figure class=\"wp-block-image size-large\"><img decoding=\"async\" loading=\"lazy\" width=\"1024\" height=\"680\" data-id=\"1268\"  src=\"https:\/\/ansalud.com\/ve\/wp-content\/uploads\/2023\/04\/IMG-20230420-WA0043-1024x680.jpg\" alt=\"\" class=\"wp-image-1268\" srcset=\"https:\/\/ansalud.com\/ve\/wp-content\/uploads\/2023\/04\/IMG-20230420-WA0043-1024x680.jpg 1024w, https:\/\/ansalud.com\/ve\/wp-content\/uploads\/2023\/04\/IMG-20230420-WA0043-300x199.jpg 300w, https:\/\/ansalud.com\/ve\/wp-content\/uploads\/2023\/04\/IMG-20230420-WA0043-768x510.jpg 768w, https:\/\/ansalud.com\/ve\/wp-content\/uploads\/2023\/04\/IMG-20230420-WA0043-1536x1020.jpg 1536w, https:\/\/ansalud.com\/ve\/wp-content\/uploads\/2023\/04\/IMG-20230420-WA0043.jpg 1600w\" sizes=\"(max-width: 1024px) 100vw, 1024px\" \/><\/figure>\n\n\n\n<figure class=\"wp-block-image size-large\"><img decoding=\"async\" loading=\"lazy\" width=\"720\" height=\"720\" data-id=\"1269\"  src=\"https:\/\/ansalud.com\/ve\/wp-content\/uploads\/2023\/04\/IMG-20230420-WA0045.jpg\" alt=\"\" class=\"wp-image-1269\" srcset=\"https:\/\/ansalud.com\/ve\/wp-content\/uploads\/2023\/04\/IMG-20230420-WA0045.jpg 720w, https:\/\/ansalud.com\/ve\/wp-content\/uploads\/2023\/04\/IMG-20230420-WA0045-300x300.jpg 300w, https:\/\/ansalud.com\/ve\/wp-content\/uploads\/2023\/04\/IMG-20230420-WA0045-150x150.jpg 150w\" sizes=\"(max-width: 720px) 100vw, 720px\" \/><\/figure>\n\n\n\n<figure class=\"wp-block-image size-large\"><img decoding=\"async\" loading=\"lazy\" width=\"1024\" height=\"1020\" data-id=\"1270\"  src=\"https:\/\/ansalud.com\/ve\/wp-content\/uploads\/2023\/04\/IMG-20230420-WA0047-1024x1020.jpg\" alt=\"\" class=\"wp-image-1270\" srcset=\"https:\/\/ansalud.com\/ve\/wp-content\/uploads\/2023\/04\/IMG-20230420-WA0047-1024x1020.jpg 1024w, https:\/\/ansalud.com\/ve\/wp-content\/uploads\/2023\/04\/IMG-20230420-WA0047-300x300.jpg 300w, https:\/\/ansalud.com\/ve\/wp-content\/uploads\/2023\/04\/IMG-20230420-WA0047-150x150.jpg 150w, https:\/\/ansalud.com\/ve\/wp-content\/uploads\/2023\/04\/IMG-20230420-WA0047-768x765.jpg 768w, https:\/\/ansalud.com\/ve\/wp-content\/uploads\/2023\/04\/IMG-20230420-WA0047.jpg 1170w\" sizes=\"(max-width: 1024px) 100vw, 1024px\" \/><\/figure>\n\n\n\n<figure class=\"wp-block-image size-large\"><img decoding=\"async\" loading=\"lazy\" width=\"576\" height=\"768\" data-id=\"1271\"  src=\"https:\/\/ansalud.com\/ve\/wp-content\/uploads\/2023\/04\/IMG-20230420-WA0049.jpg\" alt=\"\" class=\"wp-image-1271\" srcset=\"https:\/\/ansalud.com\/ve\/wp-content\/uploads\/2023\/04\/IMG-20230420-WA0049.jpg 576w, https:\/\/ansalud.com\/ve\/wp-content\/uploads\/2023\/04\/IMG-20230420-WA0049-225x300.jpg 225w\" sizes=\"(max-width: 576px) 100vw, 576px\" \/><\/figure>\n\n\n\n<figure class=\"wp-block-image size-large\"><img decoding=\"async\" loading=\"lazy\" width=\"768\" height=\"1024\" data-id=\"1272\"  src=\"https:\/\/ansalud.com\/ve\/wp-content\/uploads\/2023\/04\/IMG-20230420-WA0051-768x1024.jpg\" alt=\"\" class=\"wp-image-1272\" srcset=\"https:\/\/ansalud.com\/ve\/wp-content\/uploads\/2023\/04\/IMG-20230420-WA0051-768x1024.jpg 768w, https:\/\/ansalud.com\/ve\/wp-content\/uploads\/2023\/04\/IMG-20230420-WA0051-225x300.jpg 225w, https:\/\/ansalud.com\/ve\/wp-content\/uploads\/2023\/04\/IMG-20230420-WA0051-1152x1536.jpg 1152w, https:\/\/ansalud.com\/ve\/wp-content\/uploads\/2023\/04\/IMG-20230420-WA0051.jpg 1200w\" sizes=\"(max-width: 768px) 100vw, 768px\" \/><\/figure>\n\n\n\n<figure class=\"wp-block-image size-large\"><img decoding=\"async\" loading=\"lazy\" width=\"853\" height=\"640\" data-id=\"1273\"  src=\"https:\/\/ansalud.com\/ve\/wp-content\/uploads\/2023\/04\/IMG-20230420-WA0056.jpg\" alt=\"\" class=\"wp-image-1273\" srcset=\"https:\/\/ansalud.com\/ve\/wp-content\/uploads\/2023\/04\/IMG-20230420-WA0056.jpg 853w, https:\/\/ansalud.com\/ve\/wp-content\/uploads\/2023\/04\/IMG-20230420-WA0056-300x225.jpg 300w, https:\/\/ansalud.com\/ve\/wp-content\/uploads\/2023\/04\/IMG-20230420-WA0056-768x576.jpg 768w\" sizes=\"(max-width: 853px) 100vw, 853px\" \/><\/figure>\n\n\n\n<figure class=\"wp-block-image size-large\"><img decoding=\"async\" loading=\"lazy\" width=\"960\" height=\"720\" data-id=\"1274\"  src=\"https:\/\/ansalud.com\/ve\/wp-content\/uploads\/2023\/04\/IMG-20230420-WA0065.jpg\" alt=\"\" class=\"wp-image-1274\" srcset=\"https:\/\/ansalud.com\/ve\/wp-content\/uploads\/2023\/04\/IMG-20230420-WA0065.jpg 960w, https:\/\/ansalud.com\/ve\/wp-content\/uploads\/2023\/04\/IMG-20230420-WA0065-300x225.jpg 300w, https:\/\/ansalud.com\/ve\/wp-content\/uploads\/2023\/04\/IMG-20230420-WA0065-768x576.jpg 768w\" sizes=\"(max-width: 960px) 100vw, 960px\" \/><\/figure>\n\n\n\n<figure class=\"wp-block-image size-large\"><img decoding=\"async\" loading=\"lazy\" width=\"1024\" height=\"1024\" data-id=\"1275\"  src=\"https:\/\/ansalud.com\/ve\/wp-content\/uploads\/2023\/04\/IMG-20230420-WA0067-1024x1024.jpg\" alt=\"\" class=\"wp-image-1275\" srcset=\"https:\/\/ansalud.com\/ve\/wp-content\/uploads\/2023\/04\/IMG-20230420-WA0067-1024x1024.jpg 1024w, https:\/\/ansalud.com\/ve\/wp-content\/uploads\/2023\/04\/IMG-20230420-WA0067-300x300.jpg 300w, https:\/\/ansalud.com\/ve\/wp-content\/uploads\/2023\/04\/IMG-20230420-WA0067-150x150.jpg 150w, https:\/\/ansalud.com\/ve\/wp-content\/uploads\/2023\/04\/IMG-20230420-WA0067-768x768.jpg 768w, https:\/\/ansalud.com\/ve\/wp-content\/uploads\/2023\/04\/IMG-20230420-WA0067.jpg 1080w\" sizes=\"(max-width: 1024px) 100vw, 1024px\" \/><\/figure>\n\n\n\n<figure class=\"wp-block-image size-large\"><img decoding=\"async\" loading=\"lazy\" width=\"720\" height=\"534\" data-id=\"1276\"  src=\"https:\/\/ansalud.com\/ve\/wp-content\/uploads\/2023\/04\/IMG-20230420-WA0068.jpg\" alt=\"\" class=\"wp-image-1276\" srcset=\"https:\/\/ansalud.com\/ve\/wp-content\/uploads\/2023\/04\/IMG-20230420-WA0068.jpg 720w, https:\/\/ansalud.com\/ve\/wp-content\/uploads\/2023\/04\/IMG-20230420-WA0068-300x223.jpg 300w\" sizes=\"(max-width: 720px) 100vw, 720px\" \/><\/figure>\n\n\n\n<figure class=\"wp-block-image size-large\"><img decoding=\"async\" loading=\"lazy\" width=\"960\" height=\"576\" data-id=\"1277\"  src=\"https:\/\/ansalud.com\/ve\/wp-content\/uploads\/2023\/04\/IMG-20230420-WA0069.jpg\" alt=\"\" class=\"wp-image-1277\" srcset=\"https:\/\/ansalud.com\/ve\/wp-content\/uploads\/2023\/04\/IMG-20230420-WA0069.jpg 960w, https:\/\/ansalud.com\/ve\/wp-content\/uploads\/2023\/04\/IMG-20230420-WA0069-300x180.jpg 300w, https:\/\/ansalud.com\/ve\/wp-content\/uploads\/2023\/04\/IMG-20230420-WA0069-768x461.jpg 768w\" sizes=\"(max-width: 960px) 100vw, 960px\" \/><\/figure>\n\n\n\n<figure class=\"wp-block-image size-large\"><img decoding=\"async\" loading=\"lazy\" width=\"1024\" height=\"1022\" data-id=\"1278\"  src=\"https:\/\/ansalud.com\/ve\/wp-content\/uploads\/2023\/04\/IMG-20230420-WA0071-1024x1022.jpg\" alt=\"\" class=\"wp-image-1278\" srcset=\"https:\/\/ansalud.com\/ve\/wp-content\/uploads\/2023\/04\/IMG-20230420-WA0071-1024x1022.jpg 1024w, https:\/\/ansalud.com\/ve\/wp-content\/uploads\/2023\/04\/IMG-20230420-WA0071-300x300.jpg 300w, https:\/\/ansalud.com\/ve\/wp-content\/uploads\/2023\/04\/IMG-20230420-WA0071-150x150.jpg 150w, https:\/\/ansalud.com\/ve\/wp-content\/uploads\/2023\/04\/IMG-20230420-WA0071-768x767.jpg 768w, https:\/\/ansalud.com\/ve\/wp-content\/uploads\/2023\/04\/IMG-20230420-WA0071.jpg 1064w\" sizes=\"(max-width: 1024px) 100vw, 1024px\" \/><\/figure>\n\n\n\n<figure class=\"wp-block-image size-large\"><img decoding=\"async\" loading=\"lazy\" width=\"683\" height=\"512\" data-id=\"1279\"  src=\"https:\/\/ansalud.com\/ve\/wp-content\/uploads\/2023\/04\/IMG-20230420-WA0073.jpg\" alt=\"\" class=\"wp-image-1279\" srcset=\"https:\/\/ansalud.com\/ve\/wp-content\/uploads\/2023\/04\/IMG-20230420-WA0073.jpg 683w, https:\/\/ansalud.com\/ve\/wp-content\/uploads\/2023\/04\/IMG-20230420-WA0073-300x225.jpg 300w\" sizes=\"(max-width: 683px) 100vw, 683px\" \/><\/figure>\n\n\n\n<figure class=\"wp-block-image size-large\"><img decoding=\"async\" loading=\"lazy\" width=\"960\" height=\"960\" data-id=\"1280\"  src=\"https:\/\/ansalud.com\/ve\/wp-content\/uploads\/2023\/04\/IMG-20230420-WA0074.jpg\" alt=\"\" class=\"wp-image-1280\" srcset=\"https:\/\/ansalud.com\/ve\/wp-content\/uploads\/2023\/04\/IMG-20230420-WA0074.jpg 960w, https:\/\/ansalud.com\/ve\/wp-content\/uploads\/2023\/04\/IMG-20230420-WA0074-300x300.jpg 300w, https:\/\/ansalud.com\/ve\/wp-content\/uploads\/2023\/04\/IMG-20230420-WA0074-150x150.jpg 150w, https:\/\/ansalud.com\/ve\/wp-content\/uploads\/2023\/04\/IMG-20230420-WA0074-768x768.jpg 768w\" sizes=\"(max-width: 960px) 100vw, 960px\" \/><\/figure>\n\n\n\n<figure class=\"wp-block-image size-large\"><img decoding=\"async\" loading=\"lazy\" width=\"720\" height=\"720\" data-id=\"1281\"  src=\"https:\/\/ansalud.com\/ve\/wp-content\/uploads\/2023\/04\/IMG-20230420-WA0078.jpg\" alt=\"\" class=\"wp-image-1281\" srcset=\"https:\/\/ansalud.com\/ve\/wp-content\/uploads\/2023\/04\/IMG-20230420-WA0078.jpg 720w, https:\/\/ansalud.com\/ve\/wp-content\/uploads\/2023\/04\/IMG-20230420-WA0078-300x300.jpg 300w, https:\/\/ansalud.com\/ve\/wp-content\/uploads\/2023\/04\/IMG-20230420-WA0078-150x150.jpg 150w\" sizes=\"(max-width: 720px) 100vw, 720px\" \/><\/figure>\n<figcaption class=\"blocks-gallery-caption wp-element-caption\">Nuestras instalaciones en La Asunci\u00f3n, Venezuela.<\/figcaption><\/figure>\n","protected":false},"excerpt":{"rendered":"<p>De acuerdo a los m\u00e1s altos est\u00e1ndares, Ansalud se mantiene a la vanguardia ofreci\u00e9ndole las m\u00e1s amplias y modernas instalaciones, garantiz\u00e1ndole la mejor calidad de servicio.<\/p>\n","protected":false},"author":1,"featured_media":0,"parent":519,"menu_order":0,"comment_status":"closed","ping_status":"closed","template":"templates\/fullwidth.php","meta":[],"_links":{"self":[{"href":"https:\/\/ansalud.com\/ve\/wp-json\/wp\/v2\/pages\/522"}],"collection":[{"href":"https:\/\/ansalud.com\/ve\/wp-json\/wp\/v2\/pages"}],"about":[{"href":"https:\/\/ansalud.com\/ve\/wp-json\/wp\/v2\/types\/page"}],"author":[{"embeddable":true,"href":"https:\/\/ansalud.com\/ve\/wp-json\/wp\/v2\/users\/1"}],"replies":[{"embeddable":true,"href":"https:\/\/ansalud.com\/ve\/wp-json\/wp\/v2\/comments?post=522"}],"version-history":[{"count":2,"href":"https:\/\/ansalud.com\/ve\/wp-json\/wp\/v2\/pages\/522\/revisions"}],"predecessor-version":[{"id":1282,"href":"https:\/\/ansalud.com\/ve\/wp-json\/wp\/v2\/pages\/522\/revisions\/1282"}],"up":[{"embeddable":true,"href":"https:\/\/ansalud.com\/ve\/wp-json\/wp\/v2\/pages\/519"}],"wp:attachment":[{"href":"https:\/\/ansalud.com\/ve\/wp-json\/wp\/v2\/media?parent=522"}],"curies":[{"name":"wp","href":"https:\/\/api.w.org\/{rel}","templated":true}]}}