{"id":524,"date":"2019-12-14T18:48:09","date_gmt":"2019-12-14T18:48:09","guid":{"rendered":"https:\/\/ansalud.com\/ve\/?page_id=524"},"modified":"2020-01-02T11:34:52","modified_gmt":"2020-01-02T15:34:52","slug":"mision-y-vision-de-ansalud","status":"publish","type":"page","link":"https:\/\/ansalud.com\/ve\/nosotros\/mision-y-vision-de-ansalud\/","title":{"rendered":"Misi\u00f3n y Visi\u00f3n de ANSalud"},"content":{"rendered":"\n<p><strong>Misi\u00f3n<\/strong><\/p>\n\n\n\n<p class=\"has-text-color has-very-dark-gray-color\">Nuestra misi\u00f3n consiste en proveer a las personas a nuestro cuidado de las herramientas preventivas, terap\u00e9uticas y rehabilitadoras que les permitir\u00e1n afrontar y canalizar sus dificultades, tener conciencia de su enfermedad y tomar el control sobre la misma, para desplegar as\u00ed todo su potencial, funcionar como individuos activos, productivos y en definitiva, para disfrutar de una vida digna, de sana integraci\u00f3n y libre de estigmas.<\/p>\n\n\n\n<p><strong>Visi\u00f3n<\/strong><\/p>\n\n\n\n<p class=\"has-text-color has-very-dark-gray-color\">Nos vemos a nosotros, en el mediano plazo, como una instituci\u00f3n distinguida por su honestidad, reconocible por su compromiso inquebrantable con el paciente, capaz de llevar la salud mental a muchos m\u00e1s, dedicada sin descanso a la formaci\u00f3n de buenas y mejores personas y comprometida a dar un servicio basado en las mejores pr\u00e1cticas, la innovaci\u00f3n y la responsabilidad.<br><\/p>\n","protected":false},"excerpt":{"rendered":"<p>Misi\u00f3n Nuestra misi\u00f3n consiste en proveer a las personas a nuestro cuidado de las herramientas preventivas, terap\u00e9uticas y rehabilitadoras que les permitir\u00e1n afrontar y canalizar sus dificultades, tener conciencia de su enfermedad y tomar el control sobre la misma, para desplegar as\u00ed todo su potencial, funcionar como individuos activos, productivos y en definitiva, para disfrutar [&hellip;]<\/p>\n","protected":false},"author":1,"featured_media":0,"parent":519,"menu_order":0,"comment_status":"closed","ping_status":"closed","template":"templates\/fullwidth.php","meta":[],"_links":{"self":[{"href":"https:\/\/ansalud.com\/ve\/wp-json\/wp\/v2\/pages\/524"}],"collection":[{"href":"https:\/\/ansalud.com\/ve\/wp-json\/wp\/v2\/pages"}],"about":[{"href":"https:\/\/ansalud.com\/ve\/wp-json\/wp\/v2\/types\/page"}],"author":[{"embeddable":true,"href":"https:\/\/ansalud.com\/ve\/wp-json\/wp\/v2\/users\/1"}],"replies":[{"embeddable":true,"href":"https:\/\/ansalud.com\/ve\/wp-json\/wp\/v2\/comments?post=524"}],"version-history":[{"count":0,"href":"https:\/\/ansalud.com\/ve\/wp-json\/wp\/v2\/pages\/524\/revisions"}],"up":[{"embeddable":true,"href":"https:\/\/ansalud.com\/ve\/wp-json\/wp\/v2\/pages\/519"}],"wp:attachment":[{"href":"https:\/\/ansalud.com\/ve\/wp-json\/wp\/v2\/media?parent=524"}],"curies":[{"name":"wp","href":"https:\/\/api.w.org\/{rel}","templated":true}]}}