{"id":526,"date":"2019-12-14T18:48:55","date_gmt":"2019-12-14T18:48:55","guid":{"rendered":"https:\/\/ansalud.com\/ve\/?page_id=526"},"modified":"2020-01-10T07:23:33","modified_gmt":"2020-01-10T11:23:33","slug":"derechos-y-deberes-del-paciente","status":"publish","type":"page","link":"https:\/\/ansalud.com\/ve\/nosotros\/derechos-y-deberes-del-paciente\/","title":{"rendered":"Derechos y deberes del paciente"},"content":{"rendered":"<h3>Derechos:<\/h3>\n<p>Los derechos del paciente son, principalmente, los siguientes:<\/p>\n<p>a.) La documentaci\u00f3n que contiene los derechos de los pacientes estar\u00e1 impresa y f\u00e1cilmente accesible, se mostrar\u00e1 en lugar visible y ser\u00e1 difundida y aplicada en todas las etapas de atenci\u00f3n y tratamiento.<br \/>\nb.) El consentimiento para evaluaci\u00f3n, tratamiento o internamiento, deber\u00e1 obtenerse antes de la toma de cualquiera de estas decisiones. Dicho consentimiento debe darse voluntariamente, sin coacci\u00f3n y sin la influencia indebida de profesionales de la salud, de la familia o de los amigos. El paciente competente puede rechazar el tratamiento despu\u00e9s de ser informado sobre el mismo, en cuyo caso se le ofrecer\u00e1 uno alternativo y de persistir el rechazo se respetar\u00e1 su voluntad.<br \/>\nc.) La informaci\u00f3n continua al paciente, a sus familiares o responsables es obligatoria para asegurar su entendimiento, comprensi\u00f3n y el mejor ejercicio de sus derechos y responsabilidades relacionados con los servicios de salud mental.<br \/>\nd.) Los pacientes o usuarios de ANSalud recibir\u00e1n un trato que respete su dignidad y privacidad. Si la privacidad y el derecho a un espacio propio no fuesen posibles bajo determinadas circunstancias, el personal m\u00e9dico y de enfermer\u00eda deber\u00e1n garantizarlas siempre y sin excusas durante las consultas, evaluaciones y visitas, sin perjuicio de las medidas de seguridad que sean necesarias.<br \/>\ne.) Las historias m\u00e9dicas y otros documentos contentivos de informaci\u00f3n personal y privada del paciente o usuario son reservados y por tanto, ser\u00e1n debidamente resguardados. En caso de requerimiento del familiar, de otro m\u00e9dico tratante o especialista o de un juez competente, el m\u00e9dico tratante emitir\u00e1 un informe m\u00e9dico del paciente.<br \/>\nf.) La legislaci\u00f3n que rige la materia de salud mental estar\u00e1 a disposici\u00f3n y en lugar accesible para todos los pacientes y usuarios de ANSalud.<br \/>\ng.) El paciente ingresado involuntariamente debe ser informado de sus derechos y responsabilidades apenas est\u00e9 en condiciones de comprenderlas y se le repetir\u00e1n cuanto sea necesario.<br \/>\nh.) El personal de ANSalud tiene la obligaci\u00f3n de respetar los derechos de los pacientes y usuarios de los servicios de salud mental y de abuso de sustancias, en los t\u00e9rminos establecidos en estas normas, en el documento interno sobre derechos y responsabilidades del paciente, en otros manuales o protocolos de ANSalud, en la Ley 12-06 sobre Salud Mental y en cualquier otra legislaci\u00f3n vigente que regule la materia.<\/p>\n<h3>Deberes:<\/h3>\n<p>Los principales deberes de nuestros usuarios son:<\/p>\n<p>a.) Cuidar y mantener en buen estado las instalaciones y equipos del Centro.<br \/>\nb.) Respetar al personal m\u00e9dico, terap\u00e9utico, de enfermer\u00eda y param\u00e9dico y seguir sus instrucciones e indicaciones.<br \/>\nc.) Dar toda su cooperaci\u00f3n en el cumplimiento del tratamiento indicado por su m\u00e9dico tratante.<br \/>\nd.) Participar, salvo alg\u00fan impedimento, en las actividades terap\u00e9uticas organizadas diariamente para todos los usuarios.<br \/>\ne.) Mantener relaciones de cordialidad, respeto y comprensi\u00f3n para con los dem\u00e1s usuarios del Centro.<br \/>\nf.) Reportar a los servicios de enfermer\u00eda o a la direcci\u00f3n del Centro, de cualquier circunstancia que pueda poner en riesgo la salud o seguridad tanto del paciente como del resto de personas que hacen vida en el Centro.<br \/>\ng.) Observar la normativa interna de ANSalud en materia de seguridad, visitas, art\u00edculos o productos cuyo uso est\u00e1 restringido o prohibido y horarios dispuestos para las comidas y dem\u00e1s actividades.<\/p>\n","protected":false},"excerpt":{"rendered":"<p>Derechos: Los derechos del paciente son, principalmente, los siguientes: a.) La documentaci\u00f3n que contiene los derechos de los pacientes estar\u00e1 impresa y f\u00e1cilmente accesible, se mostrar\u00e1 en lugar visible y ser\u00e1 difundida y aplicada en todas las etapas de atenci\u00f3n y tratamiento. b.) El consentimiento para evaluaci\u00f3n, tratamiento o internamiento, deber\u00e1 obtenerse antes de la [&hellip;]<\/p>\n","protected":false},"author":1,"featured_media":0,"parent":519,"menu_order":0,"comment_status":"closed","ping_status":"closed","template":"templates\/fullwidth.php","meta":[],"_links":{"self":[{"href":"https:\/\/ansalud.com\/ve\/wp-json\/wp\/v2\/pages\/526"}],"collection":[{"href":"https:\/\/ansalud.com\/ve\/wp-json\/wp\/v2\/pages"}],"about":[{"href":"https:\/\/ansalud.com\/ve\/wp-json\/wp\/v2\/types\/page"}],"author":[{"embeddable":true,"href":"https:\/\/ansalud.com\/ve\/wp-json\/wp\/v2\/users\/1"}],"replies":[{"embeddable":true,"href":"https:\/\/ansalud.com\/ve\/wp-json\/wp\/v2\/comments?post=526"}],"version-history":[{"count":0,"href":"https:\/\/ansalud.com\/ve\/wp-json\/wp\/v2\/pages\/526\/revisions"}],"up":[{"embeddable":true,"href":"https:\/\/ansalud.com\/ve\/wp-json\/wp\/v2\/pages\/519"}],"wp:attachment":[{"href":"https:\/\/ansalud.com\/ve\/wp-json\/wp\/v2\/media?parent=526"}],"curies":[{"name":"wp","href":"https:\/\/api.w.org\/{rel}","templated":true}]}}