{"id":704,"date":"2020-01-02T11:28:56","date_gmt":"2020-01-02T15:28:56","guid":{"rendered":"https:\/\/ansalud.com\/ve\/?page_id=704"},"modified":"2020-01-14T16:39:30","modified_gmt":"2020-01-14T20:39:30","slug":"nuestra-historia","status":"publish","type":"page","link":"https:\/\/ansalud.com\/ve\/nosotros\/nuestra-historia\/","title":{"rendered":"Nuestra Historia"},"content":{"rendered":"\n<div class=\"wp-block-media-text alignwide is-stacked-on-mobile is-image-fill\"><figure class=\"wp-block-media-text__media\" style=\"background-image:url(https:\/\/ansalud.com\/ve\/wp-content\/uploads\/2020\/01\/IMG_1476-683x1024.jpg);background-position:66.8141592920354% 25.294117647058822%\"><img decoding=\"async\" loading=\"lazy\" width=\"683\" height=\"1024\" src=\"https:\/\/ansalud.com\/ve\/wp-content\/uploads\/2020\/01\/IMG_1476-683x1024.jpg\" alt=\"\" class=\"wp-image-970\" srcset=\"https:\/\/ansalud.com\/ve\/wp-content\/uploads\/2020\/01\/IMG_1476-683x1024.jpg 683w, https:\/\/ansalud.com\/ve\/wp-content\/uploads\/2020\/01\/IMG_1476-200x300.jpg 200w, https:\/\/ansalud.com\/ve\/wp-content\/uploads\/2020\/01\/IMG_1476-768x1152.jpg 768w, https:\/\/ansalud.com\/ve\/wp-content\/uploads\/2020\/01\/IMG_1476-1024x1536.jpg 1024w, https:\/\/ansalud.com\/ve\/wp-content\/uploads\/2020\/01\/IMG_1476-1365x2048.jpg 1365w, https:\/\/ansalud.com\/ve\/wp-content\/uploads\/2020\/01\/IMG_1476-scaled.jpg 1707w\" sizes=\"(max-width: 683px) 100vw, 683px\" \/><\/figure><div class=\"wp-block-media-text__content\">\n<p class=\"has-medium-font-size\">La Unidad de Rehabilitaci\u00f3n Mental ANSALUD, es inaugurada de la mano de su fundadora la Dra. Alexandra N\u00fa\u00f1ez Sabal, oriunda de Caracas, capital de Venezuela. <\/p>\n<\/div><\/div>\n\n\n\n<hr class=\"wp-block-separator has-text-color has-background has-very-light-gray-background-color has-very-light-gray-color is-style-wide\"\/>\n\n\n\n<p>Es egresada como m\u00e9dico de la UCLA, Universidad Centro occidental Lisandro Alvarado. Realiza su postgrado en el Hospital Militar Dr. Carlos Arvelo de Caracas, de donde egresa con la especialidad de M\u00e9dico Psiquiatra, y se mantiene ejerciendo su profesi\u00f3n en Venezuela por m\u00e1s de 20 a\u00f1os. <\/p>\n\n\n\n<p>Durante los primeros a\u00f1os realiza su ejercicio profesional tanto en la consulta privada como en la p\u00fablica en la ciudad de Caracas. Posteriormente se traslada la isla de Margarita, donde fue nombrada como directora m\u00e9dica de varios centros especializados en Adicciones. En 2006 funda y gerencia la primera Cl\u00ednica Psiqui\u00e1trica de la Isla de Margarita, junto a otro m\u00e9dico psiquiatra, CISAMCA.\u00a0<\/p>\n\n\n\n<p>El 22 de noviembre de 2011 funda su propia cl\u00ednica psiqui\u00e1trica\u00a0<strong>ANSALUD UNIDAD DE REHABILITACI\u00d3N MENTAL<\/strong>Venezuela, La cual se mantiene hasta la actualidad como la \u00fanica cl\u00ednica psiqui\u00e1trica que sigue prestando sus servicios tanto en la isla de Margarita como en toda la zona oriental del pa\u00eds.\u00a0<strong>ANSALUD VZLA<\/strong>\u00a0sigue en el esp\u00edritu del fundador los mismos lineamientos que dej\u00f3 en sus ra\u00edces la Dra. Alexandra N\u00fa\u00f1ez, quien dejo en su personal una formaci\u00f3n que permite a la cl\u00ednica y a sus profesionales seguir ofreciendo la m\u00e1s amplia gama atenci\u00f3n psiqui\u00e1trica, hospitalizaci\u00f3n, atenci\u00f3n de emergencias psiqui\u00e1tricas, programa de adicciones, consultas externas de psiquiatr\u00eda, psicolog\u00eda, terapia familiar etc.<\/p>\n\n\n\n<p>En 2015 la Dra. Alexandra Nu\u00f1ez Sabal decide ampliar los horizontes y traspasar las fronteras de su pa\u00eds, fundando en Santo Domingo, Rep\u00fablica Dominicana, el 22 de Marzo 2016 junto a otros socios,\u00a0<strong>ANSALUD UNIDAD DE REHABILITACI\u00d3N MENTAL RD<\/strong>, la cual se mantiene hasta la actualidad dirigida por ella misma, pionera en Rep\u00fablica Dominicana en integrar el concepto hol\u00edstico a la atenci\u00f3n psiqui\u00e1trica cl\u00e1sica, donde adem\u00e1s de mantener los m\u00e1s altos niveles de excelencia en el ejercicio cl\u00ednico de la psiquiatr\u00eda, se trabaja de la mano con especialistas en la pr\u00e1ctica psicoterap\u00e9utica y terapia familiar, labor que encaja con\u00a0\u00a0una serie de actividades complementarias diarias, que permiten al usuario de Ansalud y a su familia contar con una red de apoyo integrada y favorecedora de\u00a0\u00a0la rehabilitaci\u00f3n mental. Y desde entonces nos hemos convertido en la instituci\u00f3n psiqui\u00e1trica por excelencia en Rep\u00fablica Dominicana. El objetivo fundamental de ANSALUD es proveer a nuestros pacientes, familiares y allegados, excelencia en investigaci\u00f3n, educaci\u00f3n y tratamiento en los servicios de neuropsiquiatr\u00eda, y trastornos de la personalidad y la conducta.<\/p>\n\n\n\n<figure class=\"wp-block-gallery aligncenter columns-2 is-cropped wp-block-gallery-1 is-layout-flex\"><ul class=\"blocks-gallery-grid\"><li class=\"blocks-gallery-item\"><figure><img decoding=\"async\" loading=\"lazy\" width=\"1024\" height=\"683\" src=\"https:\/\/ansalud.com\/ve\/wp-content\/uploads\/2020\/01\/IMG_1519-1024x683.jpg\" alt=\"\" data-id=\"971\" data-full-url=\"https:\/\/ansalud.com\/ve\/wp-content\/uploads\/2020\/01\/IMG_1519-scaled.jpg\" data-link=\"https:\/\/ansalud.com\/ve\/nosotros\/nuestra-historia\/img_1519\/\" class=\"wp-image-971\" srcset=\"https:\/\/ansalud.com\/ve\/wp-content\/uploads\/2020\/01\/IMG_1519-1024x683.jpg 1024w, https:\/\/ansalud.com\/ve\/wp-content\/uploads\/2020\/01\/IMG_1519-300x200.jpg 300w, https:\/\/ansalud.com\/ve\/wp-content\/uploads\/2020\/01\/IMG_1519-768x512.jpg 768w, https:\/\/ansalud.com\/ve\/wp-content\/uploads\/2020\/01\/IMG_1519-1536x1024.jpg 1536w, https:\/\/ansalud.com\/ve\/wp-content\/uploads\/2020\/01\/IMG_1519-2048x1365.jpg 2048w, https:\/\/ansalud.com\/ve\/wp-content\/uploads\/2020\/01\/IMG_1519-750x500.jpg 750w\" sizes=\"(max-width: 1024px) 100vw, 1024px\" \/><\/figure><\/li><li class=\"blocks-gallery-item\"><figure><img decoding=\"async\" loading=\"lazy\" width=\"668\" height=\"443\" src=\"https:\/\/ansalud.com\/ve\/wp-content\/uploads\/2020\/01\/WhatsApp-Image-2020-01-14-at-12.00.51-PM.jpeg\" alt=\"\" data-id=\"972\" data-full-url=\"https:\/\/ansalud.com\/ve\/wp-content\/uploads\/2020\/01\/WhatsApp-Image-2020-01-14-at-12.00.51-PM.jpeg\" data-link=\"https:\/\/ansalud.com\/ve\/nosotros\/nuestra-historia\/whatsapp-image-2020-01-14-at-12-00-51-pm\/\" class=\"wp-image-972\" srcset=\"https:\/\/ansalud.com\/ve\/wp-content\/uploads\/2020\/01\/WhatsApp-Image-2020-01-14-at-12.00.51-PM.jpeg 668w, https:\/\/ansalud.com\/ve\/wp-content\/uploads\/2020\/01\/WhatsApp-Image-2020-01-14-at-12.00.51-PM-300x199.jpeg 300w\" sizes=\"(max-width: 668px) 100vw, 668px\" \/><\/figure><\/li><\/ul><\/figure>\n","protected":false},"excerpt":{"rendered":"<p>La Unidad de Rehabilitaci\u00f3n Mental ANSALUD, es inaugurada de la mano de su fundadora la Dra. Alexandra N\u00fa\u00f1ez Sabal, oriunda de Caracas, capital de Venezuela. Es egresada como m\u00e9dico de la UCLA, Universidad Centro occidental Lisandro Alvarado. Realiza su postgrado en el Hospital Militar Dr. Carlos Arvelo de Caracas, de donde egresa con la especialidad [&hellip;]<\/p>\n","protected":false},"author":1,"featured_media":0,"parent":519,"menu_order":0,"comment_status":"closed","ping_status":"closed","template":"templates\/fullwidth.php","meta":[],"_links":{"self":[{"href":"https:\/\/ansalud.com\/ve\/wp-json\/wp\/v2\/pages\/704"}],"collection":[{"href":"https:\/\/ansalud.com\/ve\/wp-json\/wp\/v2\/pages"}],"about":[{"href":"https:\/\/ansalud.com\/ve\/wp-json\/wp\/v2\/types\/page"}],"author":[{"embeddable":true,"href":"https:\/\/ansalud.com\/ve\/wp-json\/wp\/v2\/users\/1"}],"replies":[{"embeddable":true,"href":"https:\/\/ansalud.com\/ve\/wp-json\/wp\/v2\/comments?post=704"}],"version-history":[{"count":0,"href":"https:\/\/ansalud.com\/ve\/wp-json\/wp\/v2\/pages\/704\/revisions"}],"up":[{"embeddable":true,"href":"https:\/\/ansalud.com\/ve\/wp-json\/wp\/v2\/pages\/519"}],"wp:attachment":[{"href":"https:\/\/ansalud.com\/ve\/wp-json\/wp\/v2\/media?parent=704"}],"curies":[{"name":"wp","href":"https:\/\/api.w.org\/{rel}","templated":true}]}}