{"id":715,"date":"2020-01-02T13:01:11","date_gmt":"2020-01-02T17:01:11","guid":{"rendered":"https:\/\/ansalud.com\/ve\/?page_id=715"},"modified":"2023-04-18T10:10:57","modified_gmt":"2023-04-18T14:10:57","slug":"yoga","status":"publish","type":"page","link":"https:\/\/ansalud.com\/ve\/actividades-complementarias\/yoga\/","title":{"rendered":"Yoga"},"content":{"rendered":"\n<hr class=\"wp-block-separator has-text-color has-very-light-gray-color has-css-opacity has-very-light-gray-background-color has-background\"\/>\n\n\n\n<div class=\"wp-block-media-text alignwide is-stacked-on-mobile\"><figure class=\"wp-block-media-text__media\"><img decoding=\"async\" loading=\"lazy\" width=\"793\" height=\"529\" src=\"https:\/\/ansalud.com\/ve\/wp-content\/uploads\/2023\/04\/Yoga.png\" alt=\"\" class=\"wp-image-1203 size-full\" srcset=\"https:\/\/ansalud.com\/ve\/wp-content\/uploads\/2023\/04\/Yoga.png 793w, https:\/\/ansalud.com\/ve\/wp-content\/uploads\/2023\/04\/Yoga-300x200.png 300w, https:\/\/ansalud.com\/ve\/wp-content\/uploads\/2023\/04\/Yoga-768x512.png 768w, https:\/\/ansalud.com\/ve\/wp-content\/uploads\/2023\/04\/Yoga-750x500.png 750w\" sizes=\"(max-width: 793px) 100vw, 793px\" \/><\/figure><div class=\"wp-block-media-text__content\">\n<p><br>La yoga es una pr\u00e1ctica f\u00edsica, mental y espiritual originaria de la India que tiene como objetivo mejorar la salud y el bienestar en general. La palabra \u00abyoga\u00bb significa \u00abuni\u00f3n\u00bb en s\u00e1nscrito, y se refiere a la uni\u00f3n de la mente, el cuerpo y el esp\u00edritu.<\/p>\n<\/div><\/div>\n\n\n\n<div class=\"wp-block-columns is-layout-flex wp-container-2\">\n<div class=\"wp-block-column is-layout-flow\"><\/div>\n<\/div>\n\n\n<p>La pr\u00e1ctica de yoga puede incluir una serie de posturas f\u00edsicas, llamadas asanas, junto con ejercicios de respiraci\u00f3n, meditaci\u00f3n y relajaci\u00f3n. Las posturas de yoga pueden variar en dificultad, desde simples estiramientos hasta posturas m\u00e1s avanzadas que requieren flexibilidad y equilibrio.<\/p>\n<p>Los beneficios de la pr\u00e1ctica de yoga son diversos y pueden incluir:<\/p>\n<ul>\n<li>Mejora de la flexibilidad y la fuerza muscular<\/li>\n<li>Reducci\u00f3n del estr\u00e9s y la ansiedad<\/li>\n<li>Mejora de la concentraci\u00f3n y la claridad mental<\/li>\n<li>Aumento de la energ\u00eda y la vitalidad<\/li>\n<li>Mejora de la calidad del sue\u00f1o<\/li>\n<li>Reducci\u00f3n del dolor en la espalda y las articulaciones<\/li>\n<li>Fortalecimiento del sistema inmunol\u00f3gico<\/li>\n<li>Mejora de la postura<\/li>\n<li>Reducci\u00f3n de la presi\u00f3n arterial y el colesterol<\/li>\n<li>Promoci\u00f3n de la paz interior y la felicidad.<\/li>\n<\/ul>\n<p>La pr\u00e1ctica regular de yoga puede ayudar a mejorar la salud f\u00edsica y mental en general, y es una excelente manera de mejorar la calidad de vida.<\/p>","protected":false},"excerpt":{"rendered":"<p>La yoga es una pr\u00e1ctica f\u00edsica, mental y espiritual originaria de la India que tiene como objetivo mejorar la salud y el bienestar en general. La palabra \u00abyoga\u00bb significa \u00abuni\u00f3n\u00bb en s\u00e1nscrito, y se refiere a la uni\u00f3n de la mente, el cuerpo y el esp\u00edritu. La pr\u00e1ctica de yoga puede incluir una serie de [&hellip;]<\/p>\n","protected":false},"author":1,"featured_media":0,"parent":713,"menu_order":0,"comment_status":"closed","ping_status":"closed","template":"templates\/fullwidth.php","meta":[],"_links":{"self":[{"href":"https:\/\/ansalud.com\/ve\/wp-json\/wp\/v2\/pages\/715"}],"collection":[{"href":"https:\/\/ansalud.com\/ve\/wp-json\/wp\/v2\/pages"}],"about":[{"href":"https:\/\/ansalud.com\/ve\/wp-json\/wp\/v2\/types\/page"}],"author":[{"embeddable":true,"href":"https:\/\/ansalud.com\/ve\/wp-json\/wp\/v2\/users\/1"}],"replies":[{"embeddable":true,"href":"https:\/\/ansalud.com\/ve\/wp-json\/wp\/v2\/comments?post=715"}],"version-history":[{"count":4,"href":"https:\/\/ansalud.com\/ve\/wp-json\/wp\/v2\/pages\/715\/revisions"}],"predecessor-version":[{"id":1209,"href":"https:\/\/ansalud.com\/ve\/wp-json\/wp\/v2\/pages\/715\/revisions\/1209"}],"up":[{"embeddable":true,"href":"https:\/\/ansalud.com\/ve\/wp-json\/wp\/v2\/pages\/713"}],"wp:attachment":[{"href":"https:\/\/ansalud.com\/ve\/wp-json\/wp\/v2\/media?parent=715"}],"curies":[{"name":"wp","href":"https:\/\/api.w.org\/{rel}","templated":true}]}}