{"id":717,"date":"2020-01-02T13:01:46","date_gmt":"2020-01-02T17:01:46","guid":{"rendered":"https:\/\/ansalud.com\/ve\/?page_id=717"},"modified":"2020-01-16T18:33:57","modified_gmt":"2020-01-16T22:33:57","slug":"psicoeducacion","status":"publish","type":"page","link":"https:\/\/ansalud.com\/ve\/actividades-complementarias\/psicoeducacion\/","title":{"rendered":"Psicoeducaci\u00f3n"},"content":{"rendered":"\n<div class=\"wp-block-media-text alignwide\"><figure class=\"wp-block-media-text__media\"><img decoding=\"async\" loading=\"lazy\" width=\"824\" height=\"431\" src=\"https:\/\/ansalud.com\/ve\/wp-content\/uploads\/2020\/01\/Psicoeducacion.png\" alt=\"\" class=\"wp-image-1122\" srcset=\"https:\/\/ansalud.com\/ve\/wp-content\/uploads\/2020\/01\/Psicoeducacion.png 824w, https:\/\/ansalud.com\/ve\/wp-content\/uploads\/2020\/01\/Psicoeducacion-300x157.png 300w, https:\/\/ansalud.com\/ve\/wp-content\/uploads\/2020\/01\/Psicoeducacion-768x402.png 768w\" sizes=\"(max-width: 824px) 100vw, 824px\" \/><\/figure><div class=\"wp-block-media-text__content\">\n<p class=\"has-medium-font-size\">La psicoeducaci\u00f3n hace referencia a la educaci\u00f3n o informaci\u00f3n que se ofrece a las personas que sufren de un trastorno psicol\u00f3gico, el entrenamiento psicoeducativo involucra a los pacientes con esquizofrenia, depresi\u00f3n, ansiedad, psicosis, des\u00f3rdenes alimenticios y trastornos de personalidad.<\/p>\n<\/div><\/div>\n\n\n\n\n\n<hr class=\"wp-block-separator has-text-color has-background has-very-light-gray-background-color has-very-light-gray-color\"\/>\n\n\n<p>En Ansalud incluimos talleres de entrenamiento para el paciente dentro del contexto del tratamiento de su enfermedad f\u00edsica. Tambi\u00e9n est\u00e1n incluidos los miembros de la familia. La meta es que el paciente entienda y sea capaz de manejar la enfermedad que presenta. De igual manera, se refuerzan las fortalezas, los recursos y las habilidades propias del paciente para hacerle frente a su enfermedad, para as\u00ed evitar una reca\u00edda y contribuir con su propia salud y bienestar, con un fundamento a largo plazo. La teor\u00eda es, cuanto mejor conozca el paciente su propia enfermedad, mejor puede vivir con su condici\u00f3n.<\/p>","protected":false},"excerpt":{"rendered":"<p>La psicoeducaci\u00f3n hace referencia a la educaci\u00f3n o informaci\u00f3n que se ofrece a las personas que sufren de un trastorno psicol\u00f3gico, el entrenamiento psicoeducativo involucra a los pacientes con esquizofrenia, depresi\u00f3n, ansiedad, psicosis, des\u00f3rdenes alimenticios y trastornos de personalidad. En Ansalud incluimos talleres de entrenamiento para el paciente dentro del contexto del tratamiento de su [&hellip;]<\/p>\n","protected":false},"author":1,"featured_media":0,"parent":713,"menu_order":0,"comment_status":"closed","ping_status":"closed","template":"templates\/fullwidth.php","meta":[],"_links":{"self":[{"href":"https:\/\/ansalud.com\/ve\/wp-json\/wp\/v2\/pages\/717"}],"collection":[{"href":"https:\/\/ansalud.com\/ve\/wp-json\/wp\/v2\/pages"}],"about":[{"href":"https:\/\/ansalud.com\/ve\/wp-json\/wp\/v2\/types\/page"}],"author":[{"embeddable":true,"href":"https:\/\/ansalud.com\/ve\/wp-json\/wp\/v2\/users\/1"}],"replies":[{"embeddable":true,"href":"https:\/\/ansalud.com\/ve\/wp-json\/wp\/v2\/comments?post=717"}],"version-history":[{"count":0,"href":"https:\/\/ansalud.com\/ve\/wp-json\/wp\/v2\/pages\/717\/revisions"}],"up":[{"embeddable":true,"href":"https:\/\/ansalud.com\/ve\/wp-json\/wp\/v2\/pages\/713"}],"wp:attachment":[{"href":"https:\/\/ansalud.com\/ve\/wp-json\/wp\/v2\/media?parent=717"}],"curies":[{"name":"wp","href":"https:\/\/api.w.org\/{rel}","templated":true}]}}