{"id":723,"date":"2020-01-02T13:03:31","date_gmt":"2020-01-02T17:03:31","guid":{"rendered":"https:\/\/ansalud.com\/ve\/?page_id=723"},"modified":"2020-01-16T18:37:46","modified_gmt":"2020-01-16T22:37:46","slug":"talleres-para-anorexia-y-bulimia","status":"publish","type":"page","link":"https:\/\/ansalud.com\/ve\/actividades-complementarias\/talleres-para-anorexia-y-bulimia\/","title":{"rendered":"Talleres para Anorexia y Bulimia"},"content":{"rendered":"\n<div class=\"wp-block-media-text alignwide\"><figure class=\"wp-block-media-text__media\"><img decoding=\"async\" loading=\"lazy\" width=\"793\" height=\"529\" src=\"https:\/\/ansalud.com\/ve\/wp-content\/uploads\/2020\/01\/Anorexia-y-Bulimia.png\" alt=\"\" class=\"wp-image-1124\" srcset=\"https:\/\/ansalud.com\/ve\/wp-content\/uploads\/2020\/01\/Anorexia-y-Bulimia.png 793w, https:\/\/ansalud.com\/ve\/wp-content\/uploads\/2020\/01\/Anorexia-y-Bulimia-300x200.png 300w, https:\/\/ansalud.com\/ve\/wp-content\/uploads\/2020\/01\/Anorexia-y-Bulimia-768x512.png 768w, https:\/\/ansalud.com\/ve\/wp-content\/uploads\/2020\/01\/Anorexia-y-Bulimia-750x500.png 750w\" sizes=\"(max-width: 793px) 100vw, 793px\" \/><\/figure><div class=\"wp-block-media-text__content\">\n<p class=\"has-medium-font-size\">Nuestra prioridad en Ansalud es velar por el bienestar metal y f\u00edsico del paciente, para lograr un buen tratamiento en fundamental contar con un equipo interdisciplinario (medico, nutricionista, psic\u00f3logo, psiquiatra) que se dedique exclusivamente al abordaje de estos temas, con nuestros talleres ayudamos a quien padezca de estos trastornos.\u00a0<\/p>\n<\/div><\/div>\n\n\n\n<hr class=\"wp-block-separator has-text-color has-background has-very-light-gray-background-color has-very-light-gray-color\"\/>\n\n\n<p>La anorexia consiste en un trastorno de la conducta alimentaria (TAC) que supone una p\u00e9rdida de peso provocada por el propio enfermo y lleva a un estado de inanici\u00f3n. Se caracteriza por el temor a aumentar de peso, y por una percepci\u00f3n distorsionada y delirante del propio cuerpo que hace que el enfermo se vea gordo aun cuando su peso se encuentra por debajo de lo recomendado. Por ello inicia una disminuci\u00f3n progresiva del peso mediante ayunos y la reducci\u00f3n de la ingesta de alimentos.<\/p>\n<p>Las personas afectadas pueden perder desde un 15 a un 50 por ciento, en los casos m\u00e1s cr\u00edticos, de su peso corporal. Hasta el momento se hab\u00eda se\u00f1alado especialmente a la moda, la belleza y al culto al cuerpo como principales causantes de la enfermedad, pero hoy se sabe que en su aparici\u00f3n tambi\u00e9n intervienen otros factores. El origen de la anorexia se encuentra, en definitiva, en una combinaci\u00f3n de factores biol\u00f3gicos (cambios f\u00edsicos), psicol\u00f3gicos y sociales.<\/p>\n\n\n<hr class=\"wp-block-separator has-text-color has-background\" style=\"background-color:#ffffff;color:#ffffff\"\/>\n\n\n\n<div class=\"wp-block-media-text alignwide has-media-on-the-right\"><figure class=\"wp-block-media-text__media\"><img decoding=\"async\" loading=\"lazy\" width=\"793\" height=\"525\" src=\"https:\/\/ansalud.com\/ve\/wp-content\/uploads\/2020\/01\/Comiendo.png\" alt=\"\" class=\"wp-image-1125\" srcset=\"https:\/\/ansalud.com\/ve\/wp-content\/uploads\/2020\/01\/Comiendo.png 793w, https:\/\/ansalud.com\/ve\/wp-content\/uploads\/2020\/01\/Comiendo-300x199.png 300w, https:\/\/ansalud.com\/ve\/wp-content\/uploads\/2020\/01\/Comiendo-768x508.png 768w, https:\/\/ansalud.com\/ve\/wp-content\/uploads\/2020\/01\/Comiendo-585x386.png 585w\" sizes=\"(max-width: 793px) 100vw, 793px\" \/><\/figure><div class=\"wp-block-media-text__content\">\n<p class=\"has-text-align-right has-medium-font-size\">Por su parte la Bulimia es un trastorno alimentario grave y potencialmente fatal, quien la padece se da grandes atracones de comida (comiendo en exceso) y despu\u00e9s trata de compensarlo con medidas dr\u00e1sticas, como por ejemplo el v\u00f3mito inducido o ejercicio f\u00edsico excesivo para evitar subir de peso.<\/p>\n<\/div><\/div>\n\n\n\n<hr class=\"wp-block-separator has-text-color has-background has-very-light-gray-background-color has-very-light-gray-color\"\/>\n\n\n<p style=\"text-align: right;\">Si tienes bulimia, probablemente te preocupe tu peso y forma corporal. Es posible que te juzgues severa y duramente por los defectos que percibes que tienes. Dado que la bulimia se relaciona con la imagen de uno mismo, y no simplemente con los alimentos, puede ser dif\u00edcil de superar. Pero un tratamiento eficaz puede ayudarte a sentirte mejor contigo mismo, a adoptar patrones de alimentaci\u00f3n m\u00e1s saludables y a revertir las complicaciones graves.<\/p>\n<p style=\"text-align: right;\">Con el tiempo, esto puede resultar peligroso, f\u00edsica y emocionalmente. Tambi\u00e9n puede provocar comportamientos compulsivos (es decir, comportamientos que son dif\u00edciles de evitar).<\/p>","protected":false},"excerpt":{"rendered":"<p>Nuestra prioridad en Ansalud es velar por el bienestar metal y f\u00edsico del paciente, para lograr un buen tratamiento en fundamental contar con un equipo interdisciplinario (medico, nutricionista, psic\u00f3logo, psiquiatra) que se dedique exclusivamente al abordaje de estos temas, con nuestros talleres ayudamos a quien padezca de estos trastornos.\u00a0 La anorexia consiste en un trastorno [&hellip;]<\/p>\n","protected":false},"author":1,"featured_media":0,"parent":713,"menu_order":0,"comment_status":"closed","ping_status":"closed","template":"templates\/fullwidth.php","meta":[],"_links":{"self":[{"href":"https:\/\/ansalud.com\/ve\/wp-json\/wp\/v2\/pages\/723"}],"collection":[{"href":"https:\/\/ansalud.com\/ve\/wp-json\/wp\/v2\/pages"}],"about":[{"href":"https:\/\/ansalud.com\/ve\/wp-json\/wp\/v2\/types\/page"}],"author":[{"embeddable":true,"href":"https:\/\/ansalud.com\/ve\/wp-json\/wp\/v2\/users\/1"}],"replies":[{"embeddable":true,"href":"https:\/\/ansalud.com\/ve\/wp-json\/wp\/v2\/comments?post=723"}],"version-history":[{"count":0,"href":"https:\/\/ansalud.com\/ve\/wp-json\/wp\/v2\/pages\/723\/revisions"}],"up":[{"embeddable":true,"href":"https:\/\/ansalud.com\/ve\/wp-json\/wp\/v2\/pages\/713"}],"wp:attachment":[{"href":"https:\/\/ansalud.com\/ve\/wp-json\/wp\/v2\/media?parent=723"}],"curies":[{"name":"wp","href":"https:\/\/api.w.org\/{rel}","templated":true}]}}