{"id":753,"date":"2020-01-03T18:18:30","date_gmt":"2020-01-03T22:18:30","guid":{"rendered":"https:\/\/ansalud.com\/ve\/?page_id=753"},"modified":"2020-01-23T15:17:28","modified_gmt":"2020-01-23T19:17:28","slug":"atencion-emergencias-psiquiatricas","status":"publish","type":"page","link":"https:\/\/ansalud.com\/ve\/servicios\/atencion-emergencias-psiquiatricas\/","title":{"rendered":"Atenci\u00f3n Emergencias Psiqui\u00e1tricas"},"content":{"rendered":"\n<div class=\"wp-block-media-text alignfull is-stacked-on-mobile\" style=\"grid-template-columns:35% auto\"><figure class=\"wp-block-media-text__media\"><img decoding=\"async\" loading=\"lazy\" width=\"1000\" height=\"746\" src=\"https:\/\/ansalud.com\/ve\/wp-content\/uploads\/2014\/05\/gallery-5.jpg\" alt=\"\" class=\"wp-image-156\" srcset=\"https:\/\/ansalud.com\/ve\/wp-content\/uploads\/2014\/05\/gallery-5.jpg 1000w, https:\/\/ansalud.com\/ve\/wp-content\/uploads\/2014\/05\/gallery-5-300x224.jpg 300w, https:\/\/ansalud.com\/ve\/wp-content\/uploads\/2014\/05\/gallery-5-768x573.jpg 768w\" sizes=\"(max-width: 1000px) 100vw, 1000px\" \/><\/figure><div class=\"wp-block-media-text__content\">\n<p class=\"has-small-font-size\"> <\/p>\n\n\n\n<p class=\"has-medium-font-size\"><strong>ANSALUD<\/strong> proporciona servicios por v\u00eda telef\u00f3nica y atenci\u00f3n a domicilio en situaciones de emergencia psiqui\u00e1trica, 24 horas del d\u00eda, 7 d\u00edas a la semana, para personas de cualquier edad. <\/p>\n<\/div><\/div>\n\n\n<hr \/>\n<h3>Los servicios suministrados son los siguientes:<\/h3>\n<ul>\n<li>Traslado de pacientes.<\/li>\n<li>Evaluaci\u00f3n psiqui\u00e1trica.<\/li>\n<li>Intervenci\u00f3n en situaciones de crisis.<\/li>\n<li>Evaluaci\u00f3n con fines de internamiento psiqui\u00e1trico.<\/li>\n<li>Casos de adicciones \u00a0e intoxicaciones.<\/li>\n<\/ul>\n<h3>Los objetivos perseguidos al atender situaciones de urgencia, son:<\/h3>\n<ul>\n<li>Establecer un sistema de atenci\u00f3n y una organizaci\u00f3n de coordinaci\u00f3n clara, \u00e1gil y accesible para la atenci\u00f3n y traslado de la urgencia en salud mental.<\/li>\n<li>Articular soluciones de orden m\u00e9dico y log\u00edstico en situaciones de crisis.<br \/>Garantizar el transporte seguro del paciente en dichos casos.<\/li>\n<li>Ofrecer a los pacientes, sus familias y profesionales, un servicio de urgencias psiqui\u00e1tricas profesional y confiable.<\/li>\n<li>Preservar durante todas las actuaciones los derechos del paciente.<\/li>\n<\/ul>\n<p class=\"message alert-info\"><strong>Informaci\u00f3n:<\/strong> Servicio telef\u00f3nico de emergencias: Telfs. (0295)242.5137 &#8211; (0414)303.0475 &#8211; (0426)596.0319<button type=\"button\" class=\"close\" aria-hidden=\"true\">&times;<\/button><\/p>\n<p>El equipo entrenado para dar respuesta a personas que padecen una crisis de salud mental interviene en cada situaci\u00f3n de manera informada, procurando en todo momento:<br \/>\u2022 Evitar que la crisis empeore.<br \/>\u2022 Aliviar la angustia inmediatamente.<br \/>\u2022 Evitar que las personas se hagan da\u00f1o a s\u00ed mismas o a otros.<\/p>","protected":false},"excerpt":{"rendered":"<p>ANSALUD proporciona servicios por v\u00eda telef\u00f3nica y atenci\u00f3n a domicilio en situaciones de emergencia psiqui\u00e1trica, 24 horas del d\u00eda, 7 d\u00edas a la semana, para personas de cualquier edad. Los servicios suministrados son los siguientes: Traslado de pacientes. Evaluaci\u00f3n psiqui\u00e1trica. Intervenci\u00f3n en situaciones de crisis. Evaluaci\u00f3n con fines de internamiento psiqui\u00e1trico. Casos de adicciones \u00a0e [&hellip;]<\/p>\n","protected":false},"author":1,"featured_media":0,"parent":118,"menu_order":0,"comment_status":"closed","ping_status":"closed","template":"templates\/fullwidth.php","meta":[],"_links":{"self":[{"href":"https:\/\/ansalud.com\/ve\/wp-json\/wp\/v2\/pages\/753"}],"collection":[{"href":"https:\/\/ansalud.com\/ve\/wp-json\/wp\/v2\/pages"}],"about":[{"href":"https:\/\/ansalud.com\/ve\/wp-json\/wp\/v2\/types\/page"}],"author":[{"embeddable":true,"href":"https:\/\/ansalud.com\/ve\/wp-json\/wp\/v2\/users\/1"}],"replies":[{"embeddable":true,"href":"https:\/\/ansalud.com\/ve\/wp-json\/wp\/v2\/comments?post=753"}],"version-history":[{"count":0,"href":"https:\/\/ansalud.com\/ve\/wp-json\/wp\/v2\/pages\/753\/revisions"}],"up":[{"embeddable":true,"href":"https:\/\/ansalud.com\/ve\/wp-json\/wp\/v2\/pages\/118"}],"wp:attachment":[{"href":"https:\/\/ansalud.com\/ve\/wp-json\/wp\/v2\/media?parent=753"}],"curies":[{"name":"wp","href":"https:\/\/api.w.org\/{rel}","templated":true}]}}