{"id":776,"date":"2020-01-03T19:13:09","date_gmt":"2020-01-03T23:13:09","guid":{"rendered":"https:\/\/ansalud.com\/ve\/?page_id=776"},"modified":"2020-01-03T20:01:17","modified_gmt":"2020-01-04T00:01:17","slug":"internamiento-psiquiatrico","status":"publish","type":"page","link":"https:\/\/ansalud.com\/ve\/servicios\/internamiento-psiquiatrico\/","title":{"rendered":"Internamiento Psiqui\u00e1trico"},"content":{"rendered":"\n<div class=\"wp-block-media-text alignfull is-stacked-on-mobile\" style=\"grid-template-columns:35% auto\"><figure class=\"wp-block-media-text__media\"><img decoding=\"async\" loading=\"lazy\" width=\"585\" height=\"386\" src=\"https:\/\/ansalud.com\/ve\/wp-content\/uploads\/2019\/12\/Hospitalizacion.jpg\" alt=\"\" class=\"wp-image-553\" srcset=\"https:\/\/ansalud.com\/ve\/wp-content\/uploads\/2019\/12\/Hospitalizacion.jpg 585w, https:\/\/ansalud.com\/ve\/wp-content\/uploads\/2019\/12\/Hospitalizacion-300x198.jpg 300w\" sizes=\"(max-width: 585px) 100vw, 585px\" \/><\/figure><div class=\"wp-block-media-text__content\">\n<p class=\"has-small-font-size\"> <\/p>\n\n\n\n<p class=\"has-medium-font-size\"><strong>ANSALUD<\/strong>&nbsp;presta servicios de internamiento por per\u00edodos de corta, media y larga estad\u00eda para pacientes con trastornos mentales de diverso tipo. Este servicio comprende el hospedaje, alimentaci\u00f3n, administraci\u00f3n de medicamentos, servicios de enfermer\u00eda, evaluaci\u00f3n m\u00e9dica, psiqui\u00e1trica, diagn\u00f3stico y ejecuci\u00f3n del tratamiento determinado para cada condici\u00f3n o trastorno. <\/p>\n<\/div><\/div>\n\n\n<hr \/>\n<p>Cuando el paciente o sus familiares acuden a ANSALUD se sostiene una primera entrevista donde participan los familiares y el propio paciente si fuese posible. All\u00ed, se procede a elaborar la historia psiqui\u00e1trica y m\u00e9dica del paciente y se le practica un reconocimiento m\u00e9dico. Esto permite conocer sus antecedentes psiqui\u00e1tricos, familiares y cl\u00ednicos, a la vez que se descartan factores de origen org\u00e1nico. Seguidamente, el psiquiatra a cargo efect\u00faa una evaluaci\u00f3n directa al paciente. Despu\u00e9s de cumplidos estos procedimientos preliminares, ya podr\u00e1 establecer el m\u00e9dico psiquiatra si est\u00e1n presente alguno o varios de los criterios en base a los cuales se determina el internamiento del paciente, entre ellos se tienen:<\/p>\n<ul>\n<li>Cuando se requiere dar al paciente tratamientos que s\u00f3lo pueden administrarse en un centro hospitalario.<\/li>\n<li>Pacientes con ideas suicidas u homicidas, gestos previos, planes o amenazas autol\u00edticas o de heteroagresividad f\u00edsica hacia personas u objetos..<\/li>\n<li>Dar alivio temporal a los familiares que conviven con el paciente y que empiezan a tener dificultades emocionales o adaptativas.<\/li>\n<li>Favorecer la desaparici\u00f3n r\u00e1pida de los s\u00edntomas agudos.<\/li>\n<li>Proporcionar un entorno especialmente concebido para la labor terap\u00e9utica, m\u00e1s seguro y equipado para dar comodidad y estabilidad al paciente.<\/li>\n<li>Cuando la condici\u00f3n del paciente, siendo severa, ofrece el riesgo de empeorar de no seguirse tratamiento bajo r\u00e9gimen de internamiento, a juicio del m\u00e9dico tratante.<\/li>\n<\/ul>\n<p>Al concluir la evaluaci\u00f3n el psiquiatra a cargo informar\u00e1 a la familia y en su caso al paciente del diagn\u00f3stico efectuado. Si el caso aconseja el internamiento, se solicitar\u00e1 el consentimiento familiar dado por escrito para proceder a la admisi\u00f3n formal del paciente en <strong>ANSALUD<\/strong>.<\/p>","protected":false},"excerpt":{"rendered":"<p>ANSALUD&nbsp;presta servicios de internamiento por per\u00edodos de corta, media y larga estad\u00eda para pacientes con trastornos mentales de diverso tipo. Este servicio comprende el hospedaje, alimentaci\u00f3n, administraci\u00f3n de medicamentos, servicios de enfermer\u00eda, evaluaci\u00f3n m\u00e9dica, psiqui\u00e1trica, diagn\u00f3stico y ejecuci\u00f3n del tratamiento determinado para cada condici\u00f3n o trastorno. Cuando el paciente o sus familiares acuden a ANSALUD [&hellip;]<\/p>\n","protected":false},"author":1,"featured_media":0,"parent":118,"menu_order":0,"comment_status":"closed","ping_status":"closed","template":"templates\/fullwidth.php","meta":[],"_links":{"self":[{"href":"https:\/\/ansalud.com\/ve\/wp-json\/wp\/v2\/pages\/776"}],"collection":[{"href":"https:\/\/ansalud.com\/ve\/wp-json\/wp\/v2\/pages"}],"about":[{"href":"https:\/\/ansalud.com\/ve\/wp-json\/wp\/v2\/types\/page"}],"author":[{"embeddable":true,"href":"https:\/\/ansalud.com\/ve\/wp-json\/wp\/v2\/users\/1"}],"replies":[{"embeddable":true,"href":"https:\/\/ansalud.com\/ve\/wp-json\/wp\/v2\/comments?post=776"}],"version-history":[{"count":0,"href":"https:\/\/ansalud.com\/ve\/wp-json\/wp\/v2\/pages\/776\/revisions"}],"up":[{"embeddable":true,"href":"https:\/\/ansalud.com\/ve\/wp-json\/wp\/v2\/pages\/118"}],"wp:attachment":[{"href":"https:\/\/ansalud.com\/ve\/wp-json\/wp\/v2\/media?parent=776"}],"curies":[{"name":"wp","href":"https:\/\/api.w.org\/{rel}","templated":true}]}}