{"id":782,"date":"2020-01-03T19:21:19","date_gmt":"2020-01-03T23:21:19","guid":{"rendered":"https:\/\/ansalud.com\/ve\/?page_id=782"},"modified":"2020-01-03T20:02:36","modified_gmt":"2020-01-04T00:02:36","slug":"tratamiento-de-adicciones","status":"publish","type":"page","link":"https:\/\/ansalud.com\/ve\/servicios\/tratamiento-de-adicciones\/","title":{"rendered":"Tratamiento de Adicciones"},"content":{"rendered":"\n<div class=\"wp-block-media-text alignfull is-stacked-on-mobile\" style=\"grid-template-columns:35% auto\"><figure class=\"wp-block-media-text__media\"><img decoding=\"async\" loading=\"lazy\" width=\"585\" height=\"386\" src=\"https:\/\/ansalud.com\/ve\/wp-content\/uploads\/2019\/12\/Ambulatorio.jpg\" alt=\"\" class=\"wp-image-558\" srcset=\"https:\/\/ansalud.com\/ve\/wp-content\/uploads\/2019\/12\/Ambulatorio.jpg 585w, https:\/\/ansalud.com\/ve\/wp-content\/uploads\/2019\/12\/Ambulatorio-300x198.jpg 300w\" sizes=\"(max-width: 585px) 100vw, 585px\" \/><\/figure><div class=\"wp-block-media-text__content\">\n<p class=\"has-small-font-size\"><\/p>\n\n\n\n<p class=\"has-normal-font-size\">El tratamiento de adicciones contempla dos modalidades: Una de tratamiento intensivo, que comprende la atenci\u00f3n bajo r\u00e9gimen de internamiento, la desintoxicaci\u00f3n y el inicio de la rehabilitaci\u00f3n, con duraci\u00f3n m\u00ednima de 28 d\u00edas. La otra modalidad es la de tratamiento ambulatorio, sin internamiento, bajo un programa que se basa en la rehabilitaci\u00f3n, es decir, en la prevenci\u00f3n de reca\u00eddas y en la recuperaci\u00f3n del paciente con miras a una vida saludable, independiente, libre de consumo y de los padecimientos asociados al uso y abuso de sustancias. <\/p>\n<\/div><\/div>\n\n\n<blockquote>\n<p>Para el programa ambulatorio, el compromiso del usuario es fundamental y debe expresarse de manera clara e inequ\u00edvoca.<\/p>\n<\/blockquote>\n<hr>\n<p>Nuestros programas van dirigidos a personas que reconocen o se identifican con al menos tres de las conductas, aqu\u00ed descritas:<\/p>\n<ul>\n<li>Han perdido o corren el riesgo de perder su trabajo, estudios y sus relaciones afectivas.<\/li>\n<li>Observan un declive o desmejora en la calidad de su rendimiento acad\u00e9mico, desempe\u00f1o profesional o actividad f\u00edsica.<\/li>\n<li>Han cometido transgresiones del orden legal o se han planteado cometerlas.<\/li>\n<li>Padecen de insomnio, han descuidado su aseo personal, tienen una alimentaci\u00f3n desordenada y en general no resuelven de manera independiente sus necesidades personales.<\/li>\n<li>Son propensos a la irritabilidad, a la depresi\u00f3n, o muestran incapacidad de postergar el placer o la recompensa, o manifiestan ideas desenfocadas o exageradas respecto de hechos, recuerdos o personas.<\/li>\n<li>Manejan de manera desmedida o irresponsable sus finanzas.<\/li>\n<li>Experimentan un Incremento progresivo en cuanto a cantidad, frecuencia y variedad de las sustancias utilizadas.<\/li>\n<\/ul>\n<p>Los Programas van precedidos de un diagn\u00f3stico integral a partir del cual se dise\u00f1a el plan individual de cada paciente. Dicho plan se basa, adem\u00e1s, en las necesidades del paciente y contiene los siguientes elementos: Los objetivos y metas del tratamiento, su duraci\u00f3n estimada, el cronograma de actividades a cumplir, las intervenciones terap\u00e9uticas espec\u00edficas a ejecutar seg\u00fan los objetivos y necesidades propuestos, su frecuencia y responsables y, finalmente, los mecanismos de monitoreo, procesamiento de informaci\u00f3n y evaluaci\u00f3n de resultados.<\/p>","protected":false},"excerpt":{"rendered":"<p>El tratamiento de adicciones contempla dos modalidades: Una de tratamiento intensivo, que comprende la atenci\u00f3n bajo r\u00e9gimen de internamiento, la desintoxicaci\u00f3n y el inicio de la rehabilitaci\u00f3n, con duraci\u00f3n m\u00ednima de 28 d\u00edas. La otra modalidad es la de tratamiento ambulatorio, sin internamiento, bajo un programa que se basa en la rehabilitaci\u00f3n, es decir, en [&hellip;]<\/p>\n","protected":false},"author":1,"featured_media":0,"parent":118,"menu_order":0,"comment_status":"closed","ping_status":"closed","template":"templates\/fullwidth.php","meta":[],"_links":{"self":[{"href":"https:\/\/ansalud.com\/ve\/wp-json\/wp\/v2\/pages\/782"}],"collection":[{"href":"https:\/\/ansalud.com\/ve\/wp-json\/wp\/v2\/pages"}],"about":[{"href":"https:\/\/ansalud.com\/ve\/wp-json\/wp\/v2\/types\/page"}],"author":[{"embeddable":true,"href":"https:\/\/ansalud.com\/ve\/wp-json\/wp\/v2\/users\/1"}],"replies":[{"embeddable":true,"href":"https:\/\/ansalud.com\/ve\/wp-json\/wp\/v2\/comments?post=782"}],"version-history":[{"count":0,"href":"https:\/\/ansalud.com\/ve\/wp-json\/wp\/v2\/pages\/782\/revisions"}],"up":[{"embeddable":true,"href":"https:\/\/ansalud.com\/ve\/wp-json\/wp\/v2\/pages\/118"}],"wp:attachment":[{"href":"https:\/\/ansalud.com\/ve\/wp-json\/wp\/v2\/media?parent=782"}],"curies":[{"name":"wp","href":"https:\/\/api.w.org\/{rel}","templated":true}]}}