{"id":790,"date":"2020-01-03T19:35:51","date_gmt":"2020-01-03T23:35:51","guid":{"rendered":"https:\/\/ansalud.com\/ve\/?page_id=790"},"modified":"2020-01-03T20:03:35","modified_gmt":"2020-01-04T00:03:35","slug":"traslado-de-pacientes","status":"publish","type":"page","link":"https:\/\/ansalud.com\/ve\/servicios\/traslado-de-pacientes\/","title":{"rendered":"Traslado de Pacientes"},"content":{"rendered":"\n<div class=\"wp-block-media-text alignfull is-stacked-on-mobile\" style=\"grid-template-columns:35% auto\"><figure class=\"wp-block-media-text__media\"><img decoding=\"async\" loading=\"lazy\" width=\"585\" height=\"386\" src=\"https:\/\/ansalud.com\/ve\/wp-content\/uploads\/2019\/12\/Traslados.jpg\" alt=\"\" class=\"wp-image-549\" srcset=\"https:\/\/ansalud.com\/ve\/wp-content\/uploads\/2019\/12\/Traslados.jpg 585w, https:\/\/ansalud.com\/ve\/wp-content\/uploads\/2019\/12\/Traslados-300x198.jpg 300w\" sizes=\"(max-width: 585px) 100vw, 585px\" \/><\/figure><div class=\"wp-block-media-text__content\">\n<p class=\"has-small-font-size\"><\/p>\n\n\n\n<p class=\"has-normal-font-size\"> El traslado de pacientes en Ansalud est\u00e1 organizado para atender eficazmente tanto casos de emergencia como aquellos en los que el paciente no est\u00e1 en capacidad de movilizarse por s\u00ed mismo, preservando siempre sus derechos e integridad f\u00edsica y moral. El paciente que requiere este servicio es la persona con enfermedad mental que se muestra agitada, a menudo violenta, tiene alterada su capacidad de discernimiento, no est\u00e1 en condiciones de decidir correctamente lo que le conviene, o padece alg\u00fan impedimento para movilizarse. <\/p>\n<\/div><\/div>\n\n\n<hr \/>\n<p>Si la familia no puede trasladar directamente al paciente a nuestra sede, el traslado lo realizar\u00e1 el Equipo de Urgencias Psiqui\u00e1tricas de <strong>ANSALUD<\/strong> tomando todas las precauciones necesarias en t\u00e9rminos de contenci\u00f3n, seguridad y comodidad.<\/p>\n<p>Si usted vive o con una persona o tiene alg\u00fan familiar que presente s\u00edntomas similares a los descritos anteriormente, debe tomar decisiones r\u00e1pidas, como la de comunicarse con nosotros a os tel\u00e9fonos de contacto mostrados en esta p\u00e1gina. Y si lo desea, puede tambi\u00e9n encontrar apoyo en los servicios de 911, defensa civil o con la polic\u00eda; lo importante es dar protecci\u00f3n a esa persona que lo necesita con urgencia.<\/p>","protected":false},"excerpt":{"rendered":"<p>El traslado de pacientes en Ansalud est\u00e1 organizado para atender eficazmente tanto casos de emergencia como aquellos en los que el paciente no est\u00e1 en capacidad de movilizarse por s\u00ed mismo, preservando siempre sus derechos e integridad f\u00edsica y moral. El paciente que requiere este servicio es la persona con enfermedad mental que se muestra [&hellip;]<\/p>\n","protected":false},"author":1,"featured_media":0,"parent":118,"menu_order":0,"comment_status":"closed","ping_status":"closed","template":"templates\/fullwidth.php","meta":[],"_links":{"self":[{"href":"https:\/\/ansalud.com\/ve\/wp-json\/wp\/v2\/pages\/790"}],"collection":[{"href":"https:\/\/ansalud.com\/ve\/wp-json\/wp\/v2\/pages"}],"about":[{"href":"https:\/\/ansalud.com\/ve\/wp-json\/wp\/v2\/types\/page"}],"author":[{"embeddable":true,"href":"https:\/\/ansalud.com\/ve\/wp-json\/wp\/v2\/users\/1"}],"replies":[{"embeddable":true,"href":"https:\/\/ansalud.com\/ve\/wp-json\/wp\/v2\/comments?post=790"}],"version-history":[{"count":0,"href":"https:\/\/ansalud.com\/ve\/wp-json\/wp\/v2\/pages\/790\/revisions"}],"up":[{"embeddable":true,"href":"https:\/\/ansalud.com\/ve\/wp-json\/wp\/v2\/pages\/118"}],"wp:attachment":[{"href":"https:\/\/ansalud.com\/ve\/wp-json\/wp\/v2\/media?parent=790"}],"curies":[{"name":"wp","href":"https:\/\/api.w.org\/{rel}","templated":true}]}}