{"id":792,"date":"2020-01-03T19:38:16","date_gmt":"2020-01-03T23:38:16","guid":{"rendered":"https:\/\/ansalud.com\/ve\/?page_id=792"},"modified":"2020-01-20T07:19:26","modified_gmt":"2020-01-20T11:19:26","slug":"consultas-psiquiatricas-psicologicas-y-familiares","status":"publish","type":"page","link":"https:\/\/ansalud.com\/ve\/servicios\/consultas-psiquiatricas-psicologicas-y-familiares\/","title":{"rendered":"Consultas Psiqui\u00e1tricas, Psicol\u00f3gicas y Familiares"},"content":{"rendered":"\n<hr class=\"wp-block-separator has-text-color has-background\" style=\"background-color:#ffffff;color:#ffffff\"\/>\n\n\n\n<div class=\"wp-block-media-text alignwide\"><figure class=\"wp-block-media-text__media\"><img decoding=\"async\" loading=\"lazy\" width=\"1024\" height=\"577\" src=\"https:\/\/ansalud.com\/ve\/wp-content\/uploads\/2018\/05\/TerapiaFamiliar1-1024x577.jpg\" alt=\"\" class=\"wp-image-583\" srcset=\"https:\/\/ansalud.com\/ve\/wp-content\/uploads\/2018\/05\/TerapiaFamiliar1-1024x577.jpg 1024w, https:\/\/ansalud.com\/ve\/wp-content\/uploads\/2018\/05\/TerapiaFamiliar1-300x169.jpg 300w, https:\/\/ansalud.com\/ve\/wp-content\/uploads\/2018\/05\/TerapiaFamiliar1-768x433.jpg 768w, https:\/\/ansalud.com\/ve\/wp-content\/uploads\/2018\/05\/TerapiaFamiliar1.jpg 1200w\" sizes=\"(max-width: 1024px) 100vw, 1024px\" \/><\/figure><div class=\"wp-block-media-text__content\">\n<p class=\"has-normal-font-size\">El servicio ambulatorio de salud mental va dirigido a usuarios con trastornos mentales que no requieren de hospitalizaci\u00f3n. Se ejecuta en sesiones donde el equipo se enfoca en los aspectos de comprensi\u00f3n de la condici\u00f3n que le aqueja, manejo eficaz de la misma y motivaci\u00f3n para emprender un plan estructurado de trabajo. El psiquiatra revisa adem\u00e1s el tratamiento farmacol\u00f3gico que se viene siguiendo, o indica uno de ser necesario. La frecuencia de este tratamiento puede ser diaria, semanal, quincenal o mensual seg\u00fan las caracter\u00edsticas y requerimientos de cada usuario. Con este plan el usuario reforzar\u00e1 su seguridad y estabilidad, a la vez que mantendr\u00e1 activos sus v\u00ednculos familiares, sociales y laborales.<\/p>\n<\/div><\/div>\n\n\n\n<hr class=\"wp-block-separator has-text-color has-background\" style=\"background-color:#ffffff;color:#ffffff\"\/>\n\n\n<h5>Sus objetivos son:<\/h5>\n<p>\u2022 Ofrecer soporte a la planificaci\u00f3n del tratamiento psiqui\u00e1trico y psicoterap\u00e9utico<br \/>\u2022 Evaluar y actualizar la evoluci\u00f3n del paciente psiqui\u00e1trico<br \/>\u2022 Dar seguimiento y control a la medicaci\u00f3n<br \/>\u2022 Prestar soporte para el establecimiento de metas y objetivos de orden personal<br \/>\u2022 Potenciar y favorecer la rehabilitaci\u00f3n<br \/>\u2022 Brindar contenci\u00f3n y estabilizaci\u00f3n en general<br \/>\u2022 Dar contenci\u00f3n y estabilizaci\u00f3n en situaciones de crisis<br \/>\u2022 Mejorar las habilidades sociales del usuario<br \/>\u2022 Desarrollar pautas y habilidades que favorezcan su funcionamiento social e integraci\u00f3n a la comunidad<\/p>","protected":false},"excerpt":{"rendered":"<p>El servicio ambulatorio de salud mental va dirigido a usuarios con trastornos mentales que no requieren de hospitalizaci\u00f3n. Se ejecuta en sesiones donde el equipo se enfoca en los aspectos de comprensi\u00f3n de la condici\u00f3n que le aqueja, manejo eficaz de la misma y motivaci\u00f3n para emprender un plan estructurado de trabajo. El psiquiatra revisa [&hellip;]<\/p>\n","protected":false},"author":1,"featured_media":0,"parent":118,"menu_order":0,"comment_status":"closed","ping_status":"closed","template":"templates\/fullwidth.php","meta":[],"_links":{"self":[{"href":"https:\/\/ansalud.com\/ve\/wp-json\/wp\/v2\/pages\/792"}],"collection":[{"href":"https:\/\/ansalud.com\/ve\/wp-json\/wp\/v2\/pages"}],"about":[{"href":"https:\/\/ansalud.com\/ve\/wp-json\/wp\/v2\/types\/page"}],"author":[{"embeddable":true,"href":"https:\/\/ansalud.com\/ve\/wp-json\/wp\/v2\/users\/1"}],"replies":[{"embeddable":true,"href":"https:\/\/ansalud.com\/ve\/wp-json\/wp\/v2\/comments?post=792"}],"version-history":[{"count":0,"href":"https:\/\/ansalud.com\/ve\/wp-json\/wp\/v2\/pages\/792\/revisions"}],"up":[{"embeddable":true,"href":"https:\/\/ansalud.com\/ve\/wp-json\/wp\/v2\/pages\/118"}],"wp:attachment":[{"href":"https:\/\/ansalud.com\/ve\/wp-json\/wp\/v2\/media?parent=792"}],"curies":[{"name":"wp","href":"https:\/\/api.w.org\/{rel}","templated":true}]}}