{"id":794,"date":"2020-01-03T19:40:30","date_gmt":"2020-01-03T23:40:30","guid":{"rendered":"https:\/\/ansalud.com\/ve\/?page_id=794"},"modified":"2020-01-03T20:04:25","modified_gmt":"2020-01-04T00:04:25","slug":"rehabilitacion-psicosocial","status":"publish","type":"page","link":"https:\/\/ansalud.com\/ve\/servicios\/rehabilitacion-psicosocial\/","title":{"rendered":"Rehabilitaci\u00f3n Psicosocial"},"content":{"rendered":"\n<div class=\"wp-block-media-text alignfull is-stacked-on-mobile\" style=\"grid-template-columns:35% auto\"><figure class=\"wp-block-media-text__media\"><img decoding=\"async\" loading=\"lazy\" width=\"585\" height=\"386\" src=\"https:\/\/ansalud.com\/ve\/wp-content\/uploads\/2019\/12\/Rehabilitacion.jpg\" alt=\"\" class=\"wp-image-563\" srcset=\"https:\/\/ansalud.com\/ve\/wp-content\/uploads\/2019\/12\/Rehabilitacion.jpg 585w, https:\/\/ansalud.com\/ve\/wp-content\/uploads\/2019\/12\/Rehabilitacion-300x198.jpg 300w\" sizes=\"(max-width: 585px) 100vw, 585px\" \/><\/figure><div class=\"wp-block-media-text__content\">\n<p class=\"has-small-font-size\"><\/p>\n\n\n\n<p class=\"has-normal-font-size\">Para quien soporta un trastorno mental severo tal vez lo m\u00e1s importante es poder tener control sobre su vida, aunque sea con ciertas limitaciones. Porque si bien a veces no es posible la recuperaci\u00f3n plena y definitiva, s\u00ed se puede aspirar a tener una vida funcional, dedicada a cumplir satisfactoriamente las actividades propias, comunes y corrientes de cualquier persona, sabiendo que para ello habr\u00e1 que seguir un tratamiento m\u00e9dico y terap\u00e9utico. \u00bfPor qu\u00e9 conformarse un individuo con funcionar a un 40% de sus capacidades pudiendo hacerlo al 70%? La rehabilitaci\u00f3n trata justamente sobre esto. <\/p>\n<\/div><\/div>\n\n\n<hr \/>\n<p>Seg\u00fan la Asociaci\u00f3n de Rehabilitaci\u00f3n Psiqui\u00e1trica de los Estados Unidos, \u201cLa rehabilitaci\u00f3n psiqui\u00e1trica promueve la recuperaci\u00f3n, la integraci\u00f3n plena a la comunidad y una mejor calidad de vida para las personas que han sido diagnosticadas con cualquier condici\u00f3n de salud mental que afecte gravemente su capacidad para llevar una vida con sentido \u2026\u201d<\/p>\n<blockquote>\n<p>\u201cSe centra en ayudar a los individuos a desarrollar habilidades y recursos necesarios para aumentar su capacidad de tener \u00e9xito y de sentir satisfacci\u00f3n en su trabajo, con el aprendizaje y en los entornos sociales de su elecci\u00f3n.\u201d<\/p>\n<\/blockquote>\n<hr \/>\n<p>La rehabilitaci\u00f3n es el objetivo principal de todos nuestros programas (se aplica en casos de abuso de sustancias y en trastornos mentales). Comienza despu\u00e9s de la estabilizaci\u00f3n m\u00e9dica y psicol\u00f3gica del paciente o de su desintoxicaci\u00f3n, para el caso de sustancias. Y forma parte integrante, como hemos dicho, de los tratamientos de mediano y largo plazo para PACIENTES CR\u00d3NICOS, del tratamiento para pacientes agudos y del tratamiento de las adicciones. Abarca los aspectos cl\u00ednicos, org\u00e1nicos, familiares y sociales del individuo. Se trabaja tanto lo f\u00edsico como lo psicol\u00f3gico. El trabajo psiqui\u00e1trico y farmacol\u00f3gico es complementado con la psicoterapia, la educaci\u00f3n f\u00edsica, las t\u00e9cnicas de relajaci\u00f3n y la salud ocupacional.<\/p>\n<h3>En definitiva<\/h3>\n<p>La rehabilitaci\u00f3n en <strong>ANSALUD<\/strong> se refiere a un conjunto de intervenciones bien estructuradas, dirigidas a restablecer las capacidades del individuo, a reencontrarse con sus anhelos, ambiciones, capacidades, y apunta directamente a:<\/p>\n<ul>\n<li>Conseguir la mejora del funcionamiento social y personal de cada individuo atendido.<\/li>\n<li>Prevenir futuras reca\u00eddas y secuelas de la enfermedad.<\/li>\n<li>Aprender y potenciar un alto n\u00famero de capacidades personales.<\/li>\n<li>Proveer herramientas a las personas para identificar y evitar situaciones que causen reca\u00eddas.<\/li>\n<li>Procurar la reintegraci\u00f3n familiar Ayudar a controlar y manejar la sintomatolog\u00eda.<\/li>\n<li>Fomentar el desarrollo de las habilidades personales de cada individuo en tratamiento.<\/li>\n<li>Integraci\u00f3n psicosocial.<\/li>\n<li>En caso de adicciones, mantenerse sobrio, y luego, con el apoyo apropiado, seguir un plan que apunta al logro de todos los prop\u00f3sitos descritos en los puntos anteriores.<\/li>\n<\/ul>","protected":false},"excerpt":{"rendered":"<p>Para quien soporta un trastorno mental severo tal vez lo m\u00e1s importante es poder tener control sobre su vida, aunque sea con ciertas limitaciones. Porque si bien a veces no es posible la recuperaci\u00f3n plena y definitiva, s\u00ed se puede aspirar a tener una vida funcional, dedicada a cumplir satisfactoriamente las actividades propias, comunes y [&hellip;]<\/p>\n","protected":false},"author":1,"featured_media":0,"parent":118,"menu_order":0,"comment_status":"closed","ping_status":"closed","template":"templates\/fullwidth.php","meta":[],"_links":{"self":[{"href":"https:\/\/ansalud.com\/ve\/wp-json\/wp\/v2\/pages\/794"}],"collection":[{"href":"https:\/\/ansalud.com\/ve\/wp-json\/wp\/v2\/pages"}],"about":[{"href":"https:\/\/ansalud.com\/ve\/wp-json\/wp\/v2\/types\/page"}],"author":[{"embeddable":true,"href":"https:\/\/ansalud.com\/ve\/wp-json\/wp\/v2\/users\/1"}],"replies":[{"embeddable":true,"href":"https:\/\/ansalud.com\/ve\/wp-json\/wp\/v2\/comments?post=794"}],"version-history":[{"count":0,"href":"https:\/\/ansalud.com\/ve\/wp-json\/wp\/v2\/pages\/794\/revisions"}],"up":[{"embeddable":true,"href":"https:\/\/ansalud.com\/ve\/wp-json\/wp\/v2\/pages\/118"}],"wp:attachment":[{"href":"https:\/\/ansalud.com\/ve\/wp-json\/wp\/v2\/media?parent=794"}],"curies":[{"name":"wp","href":"https:\/\/api.w.org\/{rel}","templated":true}]}}