{"id":798,"date":"2020-01-03T19:43:59","date_gmt":"2020-01-03T23:43:59","guid":{"rendered":"https:\/\/ansalud.com\/ve\/?page_id=798"},"modified":"2020-01-03T20:05:17","modified_gmt":"2020-01-04T00:05:17","slug":"desintoxicacion","status":"publish","type":"page","link":"https:\/\/ansalud.com\/ve\/servicios\/desintoxicacion\/","title":{"rendered":"Desintoxicaci\u00f3n"},"content":{"rendered":"\n<div class=\"wp-block-media-text alignfull is-stacked-on-mobile\" style=\"grid-template-columns:35% auto\"><figure class=\"wp-block-media-text__media\"><img decoding=\"async\" loading=\"lazy\" width=\"1000\" height=\"746\" src=\"https:\/\/ansalud.com\/ve\/wp-content\/uploads\/2014\/05\/gallery-11.jpg\" alt=\"\" class=\"wp-image-153\" srcset=\"https:\/\/ansalud.com\/ve\/wp-content\/uploads\/2014\/05\/gallery-11.jpg 1000w, https:\/\/ansalud.com\/ve\/wp-content\/uploads\/2014\/05\/gallery-11-300x224.jpg 300w, https:\/\/ansalud.com\/ve\/wp-content\/uploads\/2014\/05\/gallery-11-768x573.jpg 768w\" sizes=\"(max-width: 1000px) 100vw, 1000px\" \/><\/figure><div class=\"wp-block-media-text__content\">\n<p class=\"has-small-font-size\"><\/p>\n\n\n\n<p class=\"has-medium-font-size\">Existen tres fases en el tratamiento de las adicciones:\u00a0Desintoxicaci\u00f3n, Deshabituaci\u00f3n y Reinserci\u00f3n, en las que interviene siempre un equipo multidisciplinario para procurar los mejores resultados posibles (Psiquiatras, Psic\u00f3logos, Toxic\u00f3logos, Terapeutas de Adicciones, Trabajadores Sociales, Terapeutas Ocupacionales, entre otros). <\/p>\n<\/div><\/div>\n\n\n<hr \/>\n<p>La Desintoxicaci\u00f3n o Detox\u00a0es la primera fase del tratamiento y debe ser dirigida de preferencia por un especialista Toxic\u00f3logo; esta puede abarcar entre 4 y 8 semanas y consiste en aplicar una serie de procedimientos en el paciente que permiten acelerar la eliminaci\u00f3n de las sustancias psicoactivas del organismo y tratar los s\u00edntomas que ocurren con el abandono de las sustancias (s\u00edndrome de abstinencia). La presencia de estos s\u00edntomas es una de las causas m\u00e1s frecuentes de abandono del tratamiento en las primeras etapas. Su gravedad y duraci\u00f3n difiere seg\u00fan factores como el tipo de droga consumida, el tiempo de consumo, la frecuencia entre otros. Una desintoxicaci\u00f3n adecuada trae muchos beneficios para el paciente, entre los cuales destacan una recuperaci\u00f3n m\u00e1s r\u00e1pida del deterioro f\u00edsico ocasionado por el consumo de la droga, disminuye sensiblemente la gravedad del s\u00edndrome de abstinencia y prepara al individuo para la fase siguiente del tratamiento puesto que su mente queda r\u00e1pidamente libre de sustancias, facilitando la comprensi\u00f3n y la comunicaci\u00f3n con el resto del equipo terap\u00e9utico.<\/p>\n<p>Existen diferentes tipos de tratamiento de desintoxicaci\u00f3n, en <strong>ANSALUD<\/strong> ofrecemos un esquema de 28 d\u00edas (en determinados casos el tratamiento m\u00ednimo recomendable es de 60 d\u00edas) en los que adem\u00e1s de trabajar los aspectos antes mencionados desde el punto de vista f\u00edsico, el paciente es parte de un Plan de Tratamiento individualizado, con abordaje psiqui\u00e1trico y psicoterap\u00e9utico, para iniciar su rehabilitaci\u00f3n de manera profesional y prepara su egreso y seguir su control per\u00edodo para la prevenci\u00f3n de reca\u00eddas.<\/p>\n<p class=\"message alert-info\"><span style=\"color: #000000;\">En <strong>ANSALUD<\/strong> contamos con un equipo especializado con mucha experiencia en desintoxicaci\u00f3n de todo tipo de drogas para garantizar que nuestros pacientes inicien con buen pie su proceso de rehabilitaci\u00f3n.<\/span><button type=\"button\" class=\"close\" aria-hidden=\"true\">&times;<\/button><\/p>","protected":false},"excerpt":{"rendered":"<p>Existen tres fases en el tratamiento de las adicciones:\u00a0Desintoxicaci\u00f3n, Deshabituaci\u00f3n y Reinserci\u00f3n, en las que interviene siempre un equipo multidisciplinario para procurar los mejores resultados posibles (Psiquiatras, Psic\u00f3logos, Toxic\u00f3logos, Terapeutas de Adicciones, Trabajadores Sociales, Terapeutas Ocupacionales, entre otros). La Desintoxicaci\u00f3n o Detox\u00a0es la primera fase del tratamiento y debe ser dirigida de preferencia por un [&hellip;]<\/p>\n","protected":false},"author":1,"featured_media":0,"parent":118,"menu_order":0,"comment_status":"closed","ping_status":"closed","template":"templates\/fullwidth.php","meta":[],"_links":{"self":[{"href":"https:\/\/ansalud.com\/ve\/wp-json\/wp\/v2\/pages\/798"}],"collection":[{"href":"https:\/\/ansalud.com\/ve\/wp-json\/wp\/v2\/pages"}],"about":[{"href":"https:\/\/ansalud.com\/ve\/wp-json\/wp\/v2\/types\/page"}],"author":[{"embeddable":true,"href":"https:\/\/ansalud.com\/ve\/wp-json\/wp\/v2\/users\/1"}],"replies":[{"embeddable":true,"href":"https:\/\/ansalud.com\/ve\/wp-json\/wp\/v2\/comments?post=798"}],"version-history":[{"count":0,"href":"https:\/\/ansalud.com\/ve\/wp-json\/wp\/v2\/pages\/798\/revisions"}],"up":[{"embeddable":true,"href":"https:\/\/ansalud.com\/ve\/wp-json\/wp\/v2\/pages\/118"}],"wp:attachment":[{"href":"https:\/\/ansalud.com\/ve\/wp-json\/wp\/v2\/media?parent=798"}],"curies":[{"name":"wp","href":"https:\/\/api.w.org\/{rel}","templated":true}]}}