{"id":800,"date":"2020-01-03T19:46:07","date_gmt":"2020-01-03T23:46:07","guid":{"rendered":"https:\/\/ansalud.com\/ve\/?page_id=800"},"modified":"2020-01-03T19:49:52","modified_gmt":"2020-01-03T23:49:52","slug":"servicios-a-domicilio","status":"publish","type":"page","link":"https:\/\/ansalud.com\/ve\/servicios\/servicios-a-domicilio\/","title":{"rendered":"Servicios a Domicilio"},"content":{"rendered":"\n<div class=\"wp-block-media-text alignfull is-stacked-on-mobile\" style=\"grid-template-columns:35% auto\"><figure class=\"wp-block-media-text__media\"><img decoding=\"async\" loading=\"lazy\" width=\"1000\" height=\"746\" src=\"https:\/\/ansalud.com\/ve\/wp-content\/uploads\/2014\/05\/gallery-7.jpg\" alt=\"\" class=\"wp-image-158\" srcset=\"https:\/\/ansalud.com\/ve\/wp-content\/uploads\/2014\/05\/gallery-7.jpg 1000w, https:\/\/ansalud.com\/ve\/wp-content\/uploads\/2014\/05\/gallery-7-300x224.jpg 300w, https:\/\/ansalud.com\/ve\/wp-content\/uploads\/2014\/05\/gallery-7-768x573.jpg 768w\" sizes=\"(max-width: 1000px) 100vw, 1000px\" \/><\/figure><div class=\"wp-block-media-text__content\">\n<p class=\"has-small-font-size\"><\/p>\n\n\n\n<p class=\"has-medium-font-size\">El Servicio de Salud Mental a Domicilio se ejecuta siguiendo un Plan de Cuidado en Casa previamente dise\u00f1ado, aunque adaptado a cada caso seg\u00fan las espec\u00edficas necesidades (edad, condici\u00f3n, s\u00edntomas, entorno familiar, entre otros) del paciente. La primera aproximaci\u00f3n se ocupa de controlar de inmediato cualquier crisis, si la hubiese: agitaci\u00f3n, angustia, alteraciones del estado de \u00e1nimo de nuestro usuario. <\/p>\n<\/div><\/div>\n\n\n<hr \/>\n<p>Satisfecha esta primera exigencia, comienza a visualizarse y dise\u00f1arse el Plan ya mencionado, el cual se ejecuta rigurosamente por parte del equipo m\u00e9dico, de enfermer\u00eda y param\u00e9dico dedicado las 24 horas del d\u00eda al cuidado del paciente.<\/p>\n<p>El Servicio de Salud Mental a domicilio de <strong>ANSALUD<\/strong> est\u00e1 disponible para beneficiar a individuos que presenten condiciones como las descritas a continuaci\u00f3n:<\/p>\n<ul>\n<li>Problemas de conducta o emocionales.<\/li>\n<li>Trastorno mental grave.<\/li>\n<li>Depresi\u00f3n.<\/li>\n<li>Esquizofrenia cr\u00f3nica o trastornos afectivos.<\/li>\n<li>Renuencia al tratamiento con medicaci\u00f3n psicoterapia.<\/li>\n<li>Alcohol y otro tipo de adicciones y abuso o dependencia de drogas.<\/li>\n<li>Ansiedad o ataques de p\u00e1nico.<\/li>\n<li>Trastornos del car\u00e1cter o de la personalidad Agresividad.<\/li>\n<li>Demencia.<\/li>\n<li>Trastornos alimentarios.<\/li>\n<li>Intentos, gestos y pensamientos suicidas.<\/li>\n<\/ul>\n<h3>Objetivos del Servicio a Domicilio:<\/h3>\n<ul>\n<li>Asistir al paciente y a su familia para adoptar pautas de tratamiento y de rehabilitaci\u00f3n en su casa y evitar la separaci\u00f3n del entorno familiar que supone la hospitalizaci\u00f3n.<\/li>\n<li>Gestionar el riesgo que conlleva para el paciente la descompensaci\u00f3n de su enfermedad.<\/li>\n<li>Conocer directamente la din\u00e1mica familiar y comunitaria del individuo, en lugar de inferirla.<\/li>\n<li>Procurar el mejoramiento y rehabilitaci\u00f3n de cada paciente atendido, as\u00ed como su integraci\u00f3n familiar y comunitaria.<\/li>\n<\/ul>","protected":false},"excerpt":{"rendered":"<p>El Servicio de Salud Mental a Domicilio se ejecuta siguiendo un Plan de Cuidado en Casa previamente dise\u00f1ado, aunque adaptado a cada caso seg\u00fan las espec\u00edficas necesidades (edad, condici\u00f3n, s\u00edntomas, entorno familiar, entre otros) del paciente. La primera aproximaci\u00f3n se ocupa de controlar de inmediato cualquier crisis, si la hubiese: agitaci\u00f3n, angustia, alteraciones del estado [&hellip;]<\/p>\n","protected":false},"author":1,"featured_media":0,"parent":118,"menu_order":0,"comment_status":"closed","ping_status":"closed","template":"templates\/fullwidth.php","meta":[],"_links":{"self":[{"href":"https:\/\/ansalud.com\/ve\/wp-json\/wp\/v2\/pages\/800"}],"collection":[{"href":"https:\/\/ansalud.com\/ve\/wp-json\/wp\/v2\/pages"}],"about":[{"href":"https:\/\/ansalud.com\/ve\/wp-json\/wp\/v2\/types\/page"}],"author":[{"embeddable":true,"href":"https:\/\/ansalud.com\/ve\/wp-json\/wp\/v2\/users\/1"}],"replies":[{"embeddable":true,"href":"https:\/\/ansalud.com\/ve\/wp-json\/wp\/v2\/comments?post=800"}],"version-history":[{"count":0,"href":"https:\/\/ansalud.com\/ve\/wp-json\/wp\/v2\/pages\/800\/revisions"}],"up":[{"embeddable":true,"href":"https:\/\/ansalud.com\/ve\/wp-json\/wp\/v2\/pages\/118"}],"wp:attachment":[{"href":"https:\/\/ansalud.com\/ve\/wp-json\/wp\/v2\/media?parent=800"}],"curies":[{"name":"wp","href":"https:\/\/api.w.org\/{rel}","templated":true}]}}