{"id":807,"date":"2020-01-03T19:56:48","date_gmt":"2020-01-03T23:56:48","guid":{"rendered":"https:\/\/ansalud.com\/ve\/?page_id=807"},"modified":"2020-01-03T19:56:50","modified_gmt":"2020-01-03T23:56:50","slug":"hospital-por-dia","status":"publish","type":"page","link":"https:\/\/ansalud.com\/ve\/servicios\/hospital-por-dia\/","title":{"rendered":"Hospital por D\u00eda"},"content":{"rendered":"\n<div class=\"wp-block-media-text alignfull is-stacked-on-mobile\" style=\"grid-template-columns:35% auto\"><figure class=\"wp-block-media-text__media\"><img decoding=\"async\" loading=\"lazy\" width=\"585\" height=\"386\" src=\"https:\/\/ansalud.com\/ve\/wp-content\/uploads\/2019\/12\/Hospital-por-dia.jpg\" alt=\"\" class=\"wp-image-556\" srcset=\"https:\/\/ansalud.com\/ve\/wp-content\/uploads\/2019\/12\/Hospital-por-dia.jpg 585w, https:\/\/ansalud.com\/ve\/wp-content\/uploads\/2019\/12\/Hospital-por-dia-300x198.jpg 300w\" sizes=\"(max-width: 585px) 100vw, 585px\" \/><\/figure><div class=\"wp-block-media-text__content\">\n<p class=\"has-small-font-size\"> <\/p>\n\n\n\n<p class=\"has-medium-font-size\"> El servicio de Hospital de d\u00eda est\u00e1 dise\u00f1ado para usuarios que padecen trastornos cr\u00f3nicos de salud mental y requieren de atenci\u00f3n especializada a largo plazo aunque no de internamiento permanente. Este servicio es prestado en un ambiente seguro, amable y motivador.<\/p>\n<\/div><\/div>\n\n\n<hr \/>\n<p>Se concentra en los siguientes objetivos:<\/p>\n<ul>\n<li>Administrar, controlar y vigilar el tratamiento psiqui\u00e1trico.<\/li>\n<li>Ofrecer terapias psicosociales y complementarias adaptadas al caso particular.<\/li>\n<li>Mejorar las habilidades sociales del usuario.<\/li>\n<li>Construir y mejorar la autoestima del usuario.<\/li>\n<li>Favorecer su funcionamiento social e integraci\u00f3n a la comunidad.<\/li>\n<li>Reducir la carga de los familiares y\/o cuidadores.<\/li>\n<li>Tener un plan diario de actividades.<\/li>\n<li>Suministrar medicamentos no psiqui\u00e1tricos seg\u00fan \u00f3rdenes m\u00e9dicas.<\/li>\n<li>Preparar la transici\u00f3n entre el internamiento y la vida en casa, a pacientes hospitalizados.<\/li>\n<li>Dar acompa\u00f1amiento al usuario fuera del centro y en caso de requerirlo, para la gesti\u00f3n de asuntos personales.<\/li>\n<\/ul>\n<p class=\"message alert-info\"><strong>Importante:<\/strong> El hospital de d\u00eda est\u00e1 disponible de lunes a viernes desde las 7am hasta las 5pm. Y lo est\u00e1 tambi\u00e9n, los fines de semana a requerimiento del usuario o familiares.<button type=\"button\" class=\"close\" aria-hidden=\"true\">&times;<\/button><\/p>","protected":false},"excerpt":{"rendered":"<p>El servicio de Hospital de d\u00eda est\u00e1 dise\u00f1ado para usuarios que padecen trastornos cr\u00f3nicos de salud mental y requieren de atenci\u00f3n especializada a largo plazo aunque no de internamiento permanente. Este servicio es prestado en un ambiente seguro, amable y motivador. Se concentra en los siguientes objetivos: Administrar, controlar y vigilar el tratamiento psiqui\u00e1trico. Ofrecer [&hellip;]<\/p>\n","protected":false},"author":1,"featured_media":0,"parent":118,"menu_order":0,"comment_status":"closed","ping_status":"closed","template":"templates\/fullwidth.php","meta":[],"_links":{"self":[{"href":"https:\/\/ansalud.com\/ve\/wp-json\/wp\/v2\/pages\/807"}],"collection":[{"href":"https:\/\/ansalud.com\/ve\/wp-json\/wp\/v2\/pages"}],"about":[{"href":"https:\/\/ansalud.com\/ve\/wp-json\/wp\/v2\/types\/page"}],"author":[{"embeddable":true,"href":"https:\/\/ansalud.com\/ve\/wp-json\/wp\/v2\/users\/1"}],"replies":[{"embeddable":true,"href":"https:\/\/ansalud.com\/ve\/wp-json\/wp\/v2\/comments?post=807"}],"version-history":[{"count":0,"href":"https:\/\/ansalud.com\/ve\/wp-json\/wp\/v2\/pages\/807\/revisions"}],"up":[{"embeddable":true,"href":"https:\/\/ansalud.com\/ve\/wp-json\/wp\/v2\/pages\/118"}],"wp:attachment":[{"href":"https:\/\/ansalud.com\/ve\/wp-json\/wp\/v2\/media?parent=807"}],"curies":[{"name":"wp","href":"https:\/\/api.w.org\/{rel}","templated":true}]}}