{"id":930,"date":"2020-01-10T17:26:23","date_gmt":"2020-01-10T21:26:23","guid":{"rendered":"https:\/\/ansalud.com\/ve\/?page_id=930"},"modified":"2020-01-17T12:22:04","modified_gmt":"2020-01-17T16:22:04","slug":"recreacion-al-paciente","status":"publish","type":"page","link":"https:\/\/ansalud.com\/ve\/actividades-complementarias\/recreacion-al-paciente\/","title":{"rendered":"Recreaci\u00f3n al Paciente"},"content":{"rendered":"\n<hr class=\"wp-block-separator has-text-color has-background has-very-light-gray-background-color has-very-light-gray-color is-style-wide\"\/>\n\n\n\n<div class=\"wp-block-columns is-layout-flex wp-container-4\">\n<div class=\"wp-block-column is-layout-flow\">\n<figure class=\"wp-block-image size-large\"><a href=\"https:\/\/ansalud.com\/ve\/clases-de-yoga\/\"><img decoding=\"async\" loading=\"lazy\" width=\"626\" height=\"417\" src=\"https:\/\/ansalud.com\/ve\/wp-content\/uploads\/2020\/01\/Clase-Yoga.jpg\" alt=\"\" class=\"wp-image-943\" srcset=\"https:\/\/ansalud.com\/ve\/wp-content\/uploads\/2020\/01\/Clase-Yoga.jpg 626w, https:\/\/ansalud.com\/ve\/wp-content\/uploads\/2020\/01\/Clase-Yoga-300x200.jpg 300w\" sizes=\"(max-width: 626px) 100vw, 626px\" \/><\/a><figcaption><strong><a href=\"https:\/\/ansalud.com\/ve\/clases-de-yoga\/\">Clases de Yoga<\/a><\/strong><\/figcaption><\/figure>\n<\/div>\n\n\n\n<div class=\"wp-block-column is-layout-flow\">\n<figure class=\"wp-block-image size-large\"><a href=\"https:\/\/ansalud.com\/ve\/jardineria\/\"><img decoding=\"async\" loading=\"lazy\" width=\"500\" height=\"334\" src=\"https:\/\/ansalud.com\/ve\/wp-content\/uploads\/2020\/01\/jardineria.jpg\" alt=\"\" class=\"wp-image-944\" srcset=\"https:\/\/ansalud.com\/ve\/wp-content\/uploads\/2020\/01\/jardineria.jpg 500w, https:\/\/ansalud.com\/ve\/wp-content\/uploads\/2020\/01\/jardineria-300x200.jpg 300w\" sizes=\"(max-width: 500px) 100vw, 500px\" \/><\/a><figcaption><a href=\"https:\/\/ansalud.com\/ve\/jardineria\/\">Jardiner\u00eda<\/a><\/figcaption><\/figure>\n<\/div>\n\n\n\n<div class=\"wp-block-column is-layout-flow\">\n<figure class=\"wp-block-image size-large\"><a href=\"https:\/\/ansalud.com\/ve\/paseos\/\"><img decoding=\"async\" loading=\"lazy\" width=\"450\" height=\"302\" src=\"https:\/\/ansalud.com\/ve\/wp-content\/uploads\/2020\/01\/paseo.jpg\" alt=\"\" class=\"wp-image-947\" srcset=\"https:\/\/ansalud.com\/ve\/wp-content\/uploads\/2020\/01\/paseo.jpg 450w, https:\/\/ansalud.com\/ve\/wp-content\/uploads\/2020\/01\/paseo-300x201.jpg 300w\" sizes=\"(max-width: 450px) 100vw, 450px\" \/><\/a><figcaption><a href=\"https:\/\/ansalud.com\/ve\/paseos\/\">Paseos<\/a><\/figcaption><\/figure>\n<\/div>\n<\/div>\n\n\n\n<div class=\"wp-block-columns is-layout-flex wp-container-8\">\n<div class=\"wp-block-column is-layout-flow\">\n<figure class=\"wp-block-image size-large\"><a href=\"https:\/\/ansalud.com\/ve\/natacion\/\"><img decoding=\"async\" loading=\"lazy\" width=\"800\" height=\"450\" src=\"https:\/\/ansalud.com\/ve\/wp-content\/uploads\/2020\/01\/natacion2.jpg\" alt=\"\" class=\"wp-image-946\" srcset=\"https:\/\/ansalud.com\/ve\/wp-content\/uploads\/2020\/01\/natacion2.jpg 800w, https:\/\/ansalud.com\/ve\/wp-content\/uploads\/2020\/01\/natacion2-300x169.jpg 300w, https:\/\/ansalud.com\/ve\/wp-content\/uploads\/2020\/01\/natacion2-768x432.jpg 768w\" sizes=\"(max-width: 800px) 100vw, 800px\" \/><\/a><figcaption><a href=\"https:\/\/ansalud.com\/ve\/natacion\/\">Nataci\u00f3n<\/a><\/figcaption><\/figure>\n<\/div>\n\n\n\n<div class=\"wp-block-column is-layout-flow\">\n<figure class=\"wp-block-image size-large\"><a href=\"https:\/\/ansalud.com\/ve\/arte-terapia\/\"><img decoding=\"async\" loading=\"lazy\" width=\"700\" height=\"400\" src=\"https:\/\/ansalud.com\/ve\/wp-content\/uploads\/2020\/01\/Arte-Terapia.jpg\" alt=\"\" class=\"wp-image-950\" srcset=\"https:\/\/ansalud.com\/ve\/wp-content\/uploads\/2020\/01\/Arte-Terapia.jpg 700w, https:\/\/ansalud.com\/ve\/wp-content\/uploads\/2020\/01\/Arte-Terapia-300x171.jpg 300w\" sizes=\"(max-width: 700px) 100vw, 700px\" \/><\/a><figcaption><a href=\"https:\/\/ansalud.com\/ve\/arte-terapia\/\">Arte Terapia<\/a><\/figcaption><\/figure>\n<\/div>\n\n\n\n<div class=\"wp-block-column is-layout-flow\">\n<figure class=\"wp-block-image size-large\"><a href=\"https:\/\/ansalud.com\/ve\/actividades-complementarias\/recreacion-al-paciente\/entrenamiento-fisico\/\"><img decoding=\"async\" loading=\"lazy\" width=\"700\" height=\"400\" src=\"https:\/\/ansalud.com\/ve\/wp-content\/uploads\/2020\/01\/Entrenamiento-fisico2.jpg\" alt=\"\" class=\"wp-image-1135\" srcset=\"https:\/\/ansalud.com\/ve\/wp-content\/uploads\/2020\/01\/Entrenamiento-fisico2.jpg 700w, https:\/\/ansalud.com\/ve\/wp-content\/uploads\/2020\/01\/Entrenamiento-fisico2-300x171.jpg 300w\" sizes=\"(max-width: 700px) 100vw, 700px\" \/><\/a><figcaption><a href=\"https:\/\/ansalud.com\/ve\/actividades-complementarias\/recreacion-al-paciente\/entrenamiento-fisico\/\">Entrenamiento F\u00edsico<\/a><\/figcaption><\/figure>\n<\/div>\n<\/div>\n","protected":false},"excerpt":{"rendered":"Clases de Yoga Jardiner\u00eda Paseos Nataci\u00f3n Arte Terapia Entrenamiento F\u00edsico","protected":false},"author":1,"featured_media":0,"parent":713,"menu_order":0,"comment_status":"closed","ping_status":"closed","template":"templates\/fullwidth.php","meta":[],"_links":{"self":[{"href":"https:\/\/ansalud.com\/ve\/wp-json\/wp\/v2\/pages\/930"}],"collection":[{"href":"https:\/\/ansalud.com\/ve\/wp-json\/wp\/v2\/pages"}],"about":[{"href":"https:\/\/ansalud.com\/ve\/wp-json\/wp\/v2\/types\/page"}],"author":[{"embeddable":true,"href":"https:\/\/ansalud.com\/ve\/wp-json\/wp\/v2\/users\/1"}],"replies":[{"embeddable":true,"href":"https:\/\/ansalud.com\/ve\/wp-json\/wp\/v2\/comments?post=930"}],"version-history":[{"count":0,"href":"https:\/\/ansalud.com\/ve\/wp-json\/wp\/v2\/pages\/930\/revisions"}],"up":[{"embeddable":true,"href":"https:\/\/ansalud.com\/ve\/wp-json\/wp\/v2\/pages\/713"}],"wp:attachment":[{"href":"https:\/\/ansalud.com\/ve\/wp-json\/wp\/v2\/media?parent=930"}],"curies":[{"name":"wp","href":"https:\/\/api.w.org\/{rel}","templated":true}]}}